{"id":1092,"date":"2024-01-22T12:15:24","date_gmt":"2024-01-22T11:15:24","guid":{"rendered":"https:\/\/ciho.es\/estancias\/"},"modified":"2024-07-29T10:56:23","modified_gmt":"2024-07-29T10:56:23","slug":"estances","status":"publish","type":"page","link":"https:\/\/ciho.es\/ca\/estances\/","title":{"rendered":"Estances"},"content":{"rendered":"<div class=\"fusion-fullwidth fullwidth-box fusion-builder-row-1 fusion-flex-container has-pattern-background has-mask-background nonhundred-percent-fullwidth non-hundred-percent-height-scrolling\" style=\"--awb-border-radius-top-left:0px;--awb-border-radius-top-right:0px;--awb-border-radius-bottom-right:0px;--awb-border-radius-bottom-left:0px;--awb-flex-wrap:wrap;\" ><div class=\"fusion-builder-row fusion-row fusion-flex-align-items-flex-start fusion-flex-content-wrap\" style=\"max-width:1248px;margin-left: calc(-4% \/ 2 );margin-right: calc(-4% \/ 2 );\"><div class=\"fusion-layout-column fusion_builder_column fusion-builder-column-0 fusion_builder_column_1_3 1_3 fusion-flex-column\" style=\"--awb-bg-size:cover;--awb-width-large:33.333333333333%;--awb-margin-top-large:0px;--awb-spacing-right-large:5.76%;--awb-margin-bottom-large:20px;--awb-spacing-left-large:5.76%;--awb-width-medium:33.333333333333%;--awb-order-medium:0;--awb-spacing-right-medium:5.76%;--awb-spacing-left-medium:5.76%;--awb-width-small:100%;--awb-order-small:0;--awb-spacing-right-small:1.92%;--awb-spacing-left-small:1.92%;\" data-scroll-devices=\"small-visibility,medium-visibility,large-visibility\"><div class=\"fusion-column-wrapper fusion-column-has-shadow fusion-flex-justify-content-flex-start fusion-content-layout-column\"><div class=\"fusion-image-element \" style=\"--awb-aspect-ratio:4 \/ 3;--awb-caption-title-font-family:var(--h2_typography-font-family);--awb-caption-title-font-weight:var(--h2_typography-font-weight);--awb-caption-title-font-style:var(--h2_typography-font-style);--awb-caption-title-size:var(--h2_typography-font-size);--awb-caption-title-transform:var(--h2_typography-text-transform);--awb-caption-title-line-height:var(--h2_typography-line-height);--awb-caption-title-letter-spacing:var(--h2_typography-letter-spacing);--awb-filter:brightness(100%);--awb-filter-transition:filter 0.3s ease;--awb-filter-hover:brightness(65%);\"><span class=\" fusion-imageframe imageframe-none imageframe-1 hover-type-none has-aspect-ratio\"><a class=\"fusion-no-lightbox\" href=\"https:\/\/ciho.es\/estancias\/banos\/\" target=\"_self\" aria-label=\"Ciho Banos Jacob 19\"><img decoding=\"async\" width=\"1000\" height=\"1000\" alt=\"ba\u00f1os de hoteles de lujo, ba\u00f1os de hoteles, ba\u00f1os de hoteles 5 estrellas, ba\u00f1os de hoteles peque\u00f1os\" src=\"https:\/\/ciho.es\/wp-content\/uploads\/2024\/06\/ciho-banos-jacob-19.png\" data-orig-src=\"https:\/\/ciho.es\/wp-content\/uploads\/2024\/06\/ciho-banos-jacob-19.png\" class=\"lazyload img-responsive wp-image-931 img-with-aspect-ratio\" data-parent-fit=\"cover\" data-parent-container=\".fusion-image-element\" srcset=\"data:image\/svg+xml,%3Csvg%20xmlns%3D%27http%3A%2F%2Fwww.w3.org%2F2000%2Fsvg%27%20width%3D%271000%27%20height%3D%271000%27%20viewBox%3D%270%200%201000%201000%27%3E%3Crect%20width%3D%271000%27%20height%3D%271000%27%20fill-opacity%3D%220%22%2F%3E%3C%2Fsvg%3E\" data-srcset=\"https:\/\/ciho.es\/wp-content\/uploads\/2024\/06\/ciho-banos-jacob-19-200x200.png 200w, https:\/\/ciho.es\/wp-content\/uploads\/2024\/06\/ciho-banos-jacob-19-400x400.png 400w, https:\/\/ciho.es\/wp-content\/uploads\/2024\/06\/ciho-banos-jacob-19-600x600.png 600w, https:\/\/ciho.es\/wp-content\/uploads\/2024\/06\/ciho-banos-jacob-19-800x800.png 800w, https:\/\/ciho.es\/wp-content\/uploads\/2024\/06\/ciho-banos-jacob-19.png 1000w\" data-sizes=\"auto\" data-orig-sizes=\"(max-width: 640px) 100vw, 400px\" data-orig- title=\"\"><\/a><\/span><\/div><div class=\"fusion-title title fusion-title-1 fusion-sep-none fusion-title-text fusion-title-size-two\" style=\"--awb-margin-top:5%;--awb-margin-top-small:10px;--awb-margin-right-small:0px;--awb-margin-bottom-small:10px;--awb-margin-left-small:0px;--awb-font-size:30px;\"><h2 class=\"fusion-title-heading title-heading-left\" style=\"margin:0;font-size:1em;\"><a href=\"https:\/\/ciho.es\/ca\/estances\/banys\/\" class=\"awb-custom-text-color awb-custom-text-hover-color\" target=\"_self\">Banys<\/a><\/h2><\/div><\/div><\/div><div class=\"fusion-layout-column fusion_builder_column fusion-builder-column-1 fusion_builder_column_1_3 1_3 fusion-flex-column\" style=\"--awb-bg-size:cover;--awb-width-large:33.333333333333%;--awb-margin-top-large:0px;--awb-spacing-right-large:5.76%;--awb-margin-bottom-large:20px;--awb-spacing-left-large:5.76%;--awb-width-medium:33.333333333333%;--awb-order-medium:0;--awb-spacing-right-medium:5.76%;--awb-spacing-left-medium:5.76%;--awb-width-small:100%;--awb-order-small:0;--awb-spacing-right-small:1.92%;--awb-spacing-left-small:1.92%;\" data-scroll-devices=\"small-visibility,medium-visibility,large-visibility\"><div class=\"fusion-column-wrapper fusion-column-has-shadow fusion-flex-justify-content-flex-start fusion-content-layout-column\"><div class=\"fusion-image-element \" style=\"--awb-aspect-ratio:4 \/ 3;--awb-caption-title-font-family:var(--h2_typography-font-family);--awb-caption-title-font-weight:var(--h2_typography-font-weight);--awb-caption-title-font-style:var(--h2_typography-font-style);--awb-caption-title-size:var(--h2_typography-font-size);--awb-caption-title-transform:var(--h2_typography-text-transform);--awb-caption-title-line-height:var(--h2_typography-line-height);--awb-caption-title-letter-spacing:var(--h2_typography-letter-spacing);--awb-filter:brightness(100%);--awb-filter-transition:filter 0.3s ease;--awb-filter-hover:brightness(65%);\"><span class=\" fusion-imageframe imageframe-none imageframe-2 hover-type-none has-aspect-ratio\"><a class=\"fusion-no-lightbox\" href=\"https:\/\/ciho.es\/estancias\/cocinas\/\" target=\"_self\" aria-label=\"Ciho Cocinas Hosteleria 1\"><img decoding=\"async\" width=\"1000\" height=\"1000\" alt=\"maquinaria de cocina profesional, equipo de cocina, maquinaria para cocina, equipo de cocina industrial, equipamiento cocina industrial, equipamiento cocina restaurante\" src=\"https:\/\/ciho.es\/wp-content\/uploads\/2024\/05\/ciho-cocinas-hosteleria-1.jpg\" data-orig-src=\"https:\/\/ciho.es\/wp-content\/uploads\/2024\/05\/ciho-cocinas-hosteleria-1.jpg\" class=\"lazyload img-responsive wp-image-837 img-with-aspect-ratio\" data-parent-fit=\"cover\" data-parent-container=\".fusion-image-element\" srcset=\"data:image\/svg+xml,%3Csvg%20xmlns%3D%27http%3A%2F%2Fwww.w3.org%2F2000%2Fsvg%27%20width%3D%271000%27%20height%3D%271000%27%20viewBox%3D%270%200%201000%201000%27%3E%3Crect%20width%3D%271000%27%20height%3D%271000%27%20fill-opacity%3D%220%22%2F%3E%3C%2Fsvg%3E\" data-srcset=\"https:\/\/ciho.es\/wp-content\/uploads\/2024\/05\/ciho-cocinas-hosteleria-1-200x200.jpg 200w, https:\/\/ciho.es\/wp-content\/uploads\/2024\/05\/ciho-cocinas-hosteleria-1-400x400.jpg 400w, https:\/\/ciho.es\/wp-content\/uploads\/2024\/05\/ciho-cocinas-hosteleria-1-600x600.jpg 600w, https:\/\/ciho.es\/wp-content\/uploads\/2024\/05\/ciho-cocinas-hosteleria-1-800x800.jpg 800w, https:\/\/ciho.es\/wp-content\/uploads\/2024\/05\/ciho-cocinas-hosteleria-1.jpg 1000w\" data-sizes=\"auto\" data-orig-sizes=\"(max-width: 640px) 100vw, 400px\" data-orig- title=\"\"><\/a><\/span><\/div><div class=\"fusion-title title fusion-title-2 fusion-sep-none fusion-title-text fusion-title-size-two\" style=\"--awb-margin-top:5%;--awb-margin-top-small:10px;--awb-margin-right-small:0px;--awb-margin-bottom-small:10px;--awb-margin-left-small:0px;--awb-font-size:30px;\"><h2 class=\"fusion-title-heading title-heading-left\" style=\"margin:0;font-size:1em;\"><a href=\"https:\/\/ciho.es\/ca\/estances\/cuines\/\" class=\"awb-custom-text-color awb-custom-text-hover-color\" target=\"_self\">Cuines<\/a><\/h2><\/div><\/div><\/div><div class=\"fusion-layout-column fusion_builder_column fusion-builder-column-2 fusion_builder_column_1_3 1_3 fusion-flex-column\" style=\"--awb-bg-size:cover;--awb-width-large:33.333333333333%;--awb-margin-top-large:0px;--awb-spacing-right-large:5.76%;--awb-margin-bottom-large:20px;--awb-spacing-left-large:5.76%;--awb-width-medium:33.333333333333%;--awb-order-medium:0;--awb-spacing-right-medium:5.76%;--awb-spacing-left-medium:5.76%;--awb-width-small:100%;--awb-order-small:0;--awb-spacing-right-small:1.92%;--awb-spacing-left-small:1.92%;\" data-scroll-devices=\"small-visibility,medium-visibility,large-visibility\"><div class=\"fusion-column-wrapper fusion-column-has-shadow fusion-flex-justify-content-flex-start fusion-content-layout-column\"><div class=\"fusion-image-element \" style=\"--awb-aspect-ratio:4 \/ 3;--awb-caption-title-font-family:var(--h2_typography-font-family);--awb-caption-title-font-weight:var(--h2_typography-font-weight);--awb-caption-title-font-style:var(--h2_typography-font-style);--awb-caption-title-size:var(--h2_typography-font-size);--awb-caption-title-transform:var(--h2_typography-text-transform);--awb-caption-title-line-height:var(--h2_typography-line-height);--awb-caption-title-letter-spacing:var(--h2_typography-letter-spacing);--awb-filter:brightness(100%);--awb-filter-transition:filter 0.3s ease;--awb-filter-hover:brightness(65%);\"><span class=\" fusion-imageframe imageframe-none imageframe-3 hover-type-none has-aspect-ratio\"><a class=\"fusion-no-lightbox\" href=\"https:\/\/ciho.es\/estancias\/dormitorios\/\" target=\"_self\" aria-label=\"Camas Ciho Menu\"><img decoding=\"async\" width=\"1500\" height=\"999\" alt=\"sabanas hoteleria, sabanas hosteleria, textil hosteleria, ropa cama hosteleria, sabanas y toallas para hosteleria, camas hoteles, camas hosteleria\" src=\"https:\/\/ciho.es\/wp-content\/uploads\/2024\/06\/camas-ciho-menu.jpeg\" data-orig-src=\"https:\/\/ciho.es\/wp-content\/uploads\/2024\/06\/camas-ciho-menu.jpeg\" class=\"lazyload img-responsive wp-image-985 img-with-aspect-ratio\" data-parent-fit=\"cover\" data-parent-container=\".fusion-image-element\" srcset=\"data:image\/svg+xml,%3Csvg%20xmlns%3D%27http%3A%2F%2Fwww.w3.org%2F2000%2Fsvg%27%20width%3D%271500%27%20height%3D%27999%27%20viewBox%3D%270%200%201500%20999%27%3E%3Crect%20width%3D%271500%27%20height%3D%27999%27%20fill-opacity%3D%220%22%2F%3E%3C%2Fsvg%3E\" data-srcset=\"https:\/\/ciho.es\/wp-content\/uploads\/2024\/06\/camas-ciho-menu-200x133.jpeg 200w, https:\/\/ciho.es\/wp-content\/uploads\/2024\/06\/camas-ciho-menu-400x266.jpeg 400w, https:\/\/ciho.es\/wp-content\/uploads\/2024\/06\/camas-ciho-menu-600x400.jpeg 600w, https:\/\/ciho.es\/wp-content\/uploads\/2024\/06\/camas-ciho-menu-800x533.jpeg 800w, https:\/\/ciho.es\/wp-content\/uploads\/2024\/06\/camas-ciho-menu-1200x799.jpeg 1200w, https:\/\/ciho.es\/wp-content\/uploads\/2024\/06\/camas-ciho-menu.jpeg 1500w\" data-sizes=\"auto\" data-orig-sizes=\"(max-width: 640px) 100vw, 400px\" data-orig- title=\"\"><\/a><\/span><\/div><div class=\"fusion-title title fusion-title-3 fusion-sep-none fusion-title-text fusion-title-size-two\" style=\"--awb-margin-top:5%;--awb-margin-top-small:10px;--awb-margin-right-small:0px;--awb-margin-bottom-small:10px;--awb-margin-left-small:0px;--awb-font-size:30px;\"><h2 class=\"fusion-title-heading title-heading-left\" style=\"margin:0;font-size:1em;\"><a href=\"https:\/\/ciho.es\/ca\/estances\/dormitoris\/\" class=\"awb-custom-text-color awb-custom-text-hover-color\" target=\"_self\">Dormitoris<\/a><\/h2><\/div><\/div><\/div><div class=\"fusion-layout-column fusion_builder_column fusion-builder-column-3 fusion_builder_column_1_3 1_3 fusion-flex-column\" style=\"--awb-bg-size:cover;--awb-width-large:33.333333333333%;--awb-margin-top-large:0px;--awb-spacing-right-large:5.76%;--awb-margin-bottom-large:20px;--awb-spacing-left-large:5.76%;--awb-width-medium:33.333333333333%;--awb-order-medium:0;--awb-spacing-right-medium:5.76%;--awb-spacing-left-medium:5.76%;--awb-width-small:100%;--awb-order-small:0;--awb-spacing-right-small:1.92%;--awb-spacing-left-small:1.92%;\" data-scroll-devices=\"small-visibility,medium-visibility,large-visibility\"><div class=\"fusion-column-wrapper fusion-column-has-shadow fusion-flex-justify-content-flex-start fusion-content-layout-column\"><div class=\"fusion-image-element \" style=\"--awb-aspect-ratio:4 \/ 3;--awb-caption-title-font-family:var(--h2_typography-font-family);--awb-caption-title-font-weight:var(--h2_typography-font-weight);--awb-caption-title-font-style:var(--h2_typography-font-style);--awb-caption-title-size:var(--h2_typography-font-size);--awb-caption-title-transform:var(--h2_typography-text-transform);--awb-caption-title-line-height:var(--h2_typography-line-height);--awb-caption-title-letter-spacing:var(--h2_typography-letter-spacing);--awb-filter:brightness(100%);--awb-filter-transition:filter 0.3s ease;--awb-filter-hover:brightness(65%);\"><span class=\" fusion-imageframe imageframe-none imageframe-4 hover-type-none has-aspect-ratio\"><a class=\"fusion-no-lightbox\" href=\"https:\/\/ciho.es\/estancias\/intendencia\/\" target=\"_self\" aria-label=\"Ciho Estancias Intendencia 2\"><img decoding=\"async\" width=\"1000\" height=\"1000\" alt=\"sabanas hoteleria, sabanas hosteleria, textil hosteleria, ropa cama hosteleria, sabanas y toallas para hosteleria, camas hoteles, camas hosteleria\" src=\"https:\/\/ciho.es\/wp-content\/uploads\/2024\/05\/ciho-estancias-intendencia-2.jpg\" data-orig-src=\"https:\/\/ciho.es\/wp-content\/uploads\/2024\/05\/ciho-estancias-intendencia-2.jpg\" class=\"lazyload img-responsive wp-image-903 img-with-aspect-ratio\" data-parent-fit=\"cover\" data-parent-container=\".fusion-image-element\" srcset=\"data:image\/svg+xml,%3Csvg%20xmlns%3D%27http%3A%2F%2Fwww.w3.org%2F2000%2Fsvg%27%20width%3D%271000%27%20height%3D%271000%27%20viewBox%3D%270%200%201000%201000%27%3E%3Crect%20width%3D%271000%27%20height%3D%271000%27%20fill-opacity%3D%220%22%2F%3E%3C%2Fsvg%3E\" data-srcset=\"https:\/\/ciho.es\/wp-content\/uploads\/2024\/05\/ciho-estancias-intendencia-2-200x200.jpg 200w, https:\/\/ciho.es\/wp-content\/uploads\/2024\/05\/ciho-estancias-intendencia-2-400x400.jpg 400w, https:\/\/ciho.es\/wp-content\/uploads\/2024\/05\/ciho-estancias-intendencia-2-600x600.jpg 600w, https:\/\/ciho.es\/wp-content\/uploads\/2024\/05\/ciho-estancias-intendencia-2-800x800.jpg 800w, https:\/\/ciho.es\/wp-content\/uploads\/2024\/05\/ciho-estancias-intendencia-2.jpg 1000w\" data-sizes=\"auto\" data-orig-sizes=\"(max-width: 640px) 100vw, 400px\" data-orig- title=\"\"><\/a><\/span><\/div><div class=\"fusion-title title fusion-title-4 fusion-sep-none fusion-title-text fusion-title-size-two\" style=\"--awb-margin-top:5%;--awb-margin-top-small:10px;--awb-margin-right-small:0px;--awb-margin-bottom-small:10px;--awb-margin-left-small:0px;--awb-font-size:30px;\"><h2 class=\"fusion-title-heading title-heading-left\" style=\"margin:0;font-size:1em;\"><a href=\"https:\/\/ciho.es\/ca\/estances\/intendencia\/\" class=\"awb-custom-text-color awb-custom-text-hover-color\" target=\"_self\">Intend\u00e8ncia<\/a><\/h2><\/div><\/div><\/div><div class=\"fusion-layout-column fusion_builder_column fusion-builder-column-4 fusion_builder_column_1_3 1_3 fusion-flex-column\" style=\"--awb-bg-size:cover;--awb-width-large:33.333333333333%;--awb-margin-top-large:0px;--awb-spacing-right-large:5.76%;--awb-margin-bottom-large:20px;--awb-spacing-left-large:5.76%;--awb-width-medium:33.333333333333%;--awb-order-medium:0;--awb-spacing-right-medium:5.76%;--awb-spacing-left-medium:5.76%;--awb-width-small:100%;--awb-order-small:0;--awb-spacing-right-small:1.92%;--awb-spacing-left-small:1.92%;\" data-scroll-devices=\"small-visibility,medium-visibility,large-visibility\"><div class=\"fusion-column-wrapper fusion-column-has-shadow fusion-flex-justify-content-flex-start fusion-content-layout-column\"><div class=\"fusion-image-element \" style=\"--awb-aspect-ratio:4 \/ 3;--awb-caption-title-font-family:var(--h2_typography-font-family);--awb-caption-title-font-weight:var(--h2_typography-font-weight);--awb-caption-title-font-style:var(--h2_typography-font-style);--awb-caption-title-size:var(--h2_typography-font-size);--awb-caption-title-transform:var(--h2_typography-text-transform);--awb-caption-title-line-height:var(--h2_typography-line-height);--awb-caption-title-letter-spacing:var(--h2_typography-letter-spacing);--awb-filter:brightness(100%);--awb-filter-transition:filter 0.3s ease;--awb-filter-hover:brightness(65%);\"><span class=\" fusion-imageframe imageframe-none imageframe-5 hover-type-none has-aspect-ratio\"><a class=\"fusion-no-lightbox\" href=\"https:\/\/ciho.es\/estancias\/zonas-comunes\/\" target=\"_self\" aria-label=\"Ciho Estancias Comunes 1\"><img decoding=\"async\" width=\"1000\" height=\"1000\" alt=\"proveedores hoteles, proveedores de hoteles, proveedores de toallas para hoteles, proveedores de blancos para hoteles, proveedores de sabanas y toallas para hoteles, proveedores amenities para hoteles, proveedores de muebles para hoteles\" src=\"https:\/\/ciho.es\/wp-content\/uploads\/2024\/05\/ciho-estancias-comunes-1.jpg\" data-orig-src=\"https:\/\/ciho.es\/wp-content\/uploads\/2024\/05\/ciho-estancias-comunes-1.jpg\" class=\"lazyload img-responsive wp-image-902 img-with-aspect-ratio\" data-parent-fit=\"cover\" data-parent-container=\".fusion-image-element\" srcset=\"data:image\/svg+xml,%3Csvg%20xmlns%3D%27http%3A%2F%2Fwww.w3.org%2F2000%2Fsvg%27%20width%3D%271000%27%20height%3D%271000%27%20viewBox%3D%270%200%201000%201000%27%3E%3Crect%20width%3D%271000%27%20height%3D%271000%27%20fill-opacity%3D%220%22%2F%3E%3C%2Fsvg%3E\" data-srcset=\"https:\/\/ciho.es\/wp-content\/uploads\/2024\/05\/ciho-estancias-comunes-1-200x200.jpg 200w, https:\/\/ciho.es\/wp-content\/uploads\/2024\/05\/ciho-estancias-comunes-1-400x400.jpg 400w, https:\/\/ciho.es\/wp-content\/uploads\/2024\/05\/ciho-estancias-comunes-1-600x600.jpg 600w, https:\/\/ciho.es\/wp-content\/uploads\/2024\/05\/ciho-estancias-comunes-1-800x800.jpg 800w, https:\/\/ciho.es\/wp-content\/uploads\/2024\/05\/ciho-estancias-comunes-1.jpg 1000w\" data-sizes=\"auto\" data-orig-sizes=\"(max-width: 640px) 100vw, 400px\" data-orig- title=\"\"><\/a><\/span><\/div><div class=\"fusion-title title fusion-title-5 fusion-sep-none fusion-title-text fusion-title-size-two\" style=\"--awb-margin-top:5%;--awb-margin-top-small:10px;--awb-margin-right-small:0px;--awb-margin-bottom-small:10px;--awb-margin-left-small:0px;--awb-font-size:30px;\"><h2 class=\"fusion-title-heading title-heading-left\" style=\"margin:0;font-size:1em;\"><a href=\"https:\/\/ciho.es\/ca\/estances\/zones-comunes\/\" class=\"awb-custom-text-color awb-custom-text-hover-color\" target=\"_self\">Zones comunes<\/a><\/h2><\/div><\/div><\/div><\/div><\/div>\n","protected":false},"excerpt":{"rendered":"","protected":false},"author":1,"featured_media":0,"parent":0,"menu_order":0,"comment_status":"closed","ping_status":"closed","template":"100-width.php","meta":{"footnotes":""},"class_list":["post-1092","page","type-page","status-publish","hentry"],"_links":{"self":[{"href":"https:\/\/ciho.es\/ca\/wp-json\/wp\/v2\/pages\/1092","targetHints":{"allow":["GET"]}}],"collection":[{"href":"https:\/\/ciho.es\/ca\/wp-json\/wp\/v2\/pages"}],"about":[{"href":"https:\/\/ciho.es\/ca\/wp-json\/wp\/v2\/types\/page"}],"author":[{"embeddable":true,"href":"https:\/\/ciho.es\/ca\/wp-json\/wp\/v2\/users\/1"}],"replies":[{"embeddable":true,"href":"https:\/\/ciho.es\/ca\/wp-json\/wp\/v2\/comments?post=1092"}],"version-history":[{"count":4,"href":"https:\/\/ciho.es\/ca\/wp-json\/wp\/v2\/pages\/1092\/revisions"}],"predecessor-version":[{"id":1499,"href":"https:\/\/ciho.es\/ca\/wp-json\/wp\/v2\/pages\/1092\/revisions\/1499"}],"wp:attachment":[{"href":"https:\/\/ciho.es\/ca\/wp-json\/wp\/v2\/media?parent=1092"}],"curies":[{"name":"wp","href":"https:\/\/api.w.org\/{rel}","templated":true}]}}