{"id":1028,"date":"2024-05-24T08:07:02","date_gmt":"2024-05-24T06:07:02","guid":{"rendered":"https:\/\/ciho.es\/dormitorios\/"},"modified":"2024-12-12T17:46:56","modified_gmt":"2024-12-12T16:46:56","slug":"dormitoris","status":"publish","type":"page","link":"https:\/\/ciho.es\/ca\/estances\/dormitoris\/","title":{"rendered":"Dormitoris"},"content":{"rendered":"<p><div class=\"fusion-fullwidth fullwidth-box fusion-builder-row-1 fusion-flex-container has-pattern-background has-mask-background fusion-parallax-none nonhundred-percent-fullwidth non-hundred-percent-height-scrolling lazyload\" style=\"--awb-border-radius-top-left:0px;--awb-border-radius-top-right:0px;--awb-border-radius-bottom-right:0px;--awb-border-radius-bottom-left:0px;--awb-padding-top:10%;--awb-padding-bottom:3%;--awb-padding-top-small:25%;--awb-background-image:linear-gradient(180deg, rgba(0,0,0,0.5) 0%,rgba(0,0,0,0.5) 100%);;--awb-background-size:cover;--awb-flex-wrap:wrap;\" data-bg=\"https:\/\/ciho.es\/wp-content\/uploads\/2024\/12\/estancias-header-3.jpg\" data-bg-gradient=\"linear-gradient(180deg, rgba(0,0,0,0.5) 0%,rgba(0,0,0,0.5) 100%)\" ><div class=\"fusion-builder-row fusion-row fusion-flex-align-items-flex-start fusion-flex-content-wrap\" style=\"max-width:1248px;margin-left: calc(-4% \/ 2 );margin-right: calc(-4% \/ 2 );\"><div class=\"fusion-layout-column fusion_builder_column fusion-builder-column-0 fusion_builder_column_1_1 1_1 fusion-flex-column\" style=\"--awb-bg-size:cover;--awb-width-large:100%;--awb-margin-top-large:0px;--awb-spacing-right-large:1.92%;--awb-margin-bottom-large:0px;--awb-spacing-left-large:1.92%;--awb-width-medium:100%;--awb-order-medium:0;--awb-spacing-right-medium:1.92%;--awb-spacing-left-medium:1.92%;--awb-width-small:100%;--awb-order-small:0;--awb-spacing-right-small:1.92%;--awb-spacing-left-small:1.92%;\" data-scroll-devices=\"small-visibility,medium-visibility,large-visibility\"><div class=\"fusion-column-wrapper fusion-column-has-shadow fusion-flex-justify-content-flex-start fusion-content-layout-column\"><div class=\"fusion-title title fusion-title-1 fusion-sep-none fusion-title-center fusion-title-text fusion-title-size-one\" style=\"--awb-text-color:#ffffff;--awb-margin-top:0px;--awb-margin-bottom:0px;--awb-margin-top-small:10px;--awb-margin-right-small:0px;--awb-margin-bottom-small:10px;--awb-margin-left-small:0px;\"><h1 class=\"fusion-title-heading title-heading-center\" style=\"margin:0;\">Dormitoris<\/h1><\/div><\/div><\/div><\/div><\/div><div class=\"fusion-fullwidth fullwidth-box fusion-builder-row-2 fusion-flex-container has-pattern-background has-mask-background hundred-percent-fullwidth non-hundred-percent-height-scrolling\" style=\"--awb-border-radius-top-left:0px;--awb-border-radius-top-right:0px;--awb-border-radius-bottom-right:0px;--awb-border-radius-bottom-left:0px;--awb-padding-top:3%;--awb-padding-bottom:1.5%;--awb-flex-wrap:wrap;\" ><div class=\"fusion-builder-row fusion-row fusion-flex-align-items-flex-start fusion-flex-content-wrap\" style=\"width:104% !important;max-width:104% !important;margin-left: calc(-4% \/ 2 );margin-right: calc(-4% \/ 2 );\"><div class=\"fusion-layout-column fusion_builder_column fusion-builder-column-1 fusion_builder_column_1_2 1_2 fusion-flex-column\" style=\"--awb-bg-size:cover;--awb-width-large:50%;--awb-margin-top-large:0px;--awb-spacing-right-large:3.84%;--awb-margin-bottom-large:20px;--awb-spacing-left-large:3.84%;--awb-width-medium:50%;--awb-order-medium:0;--awb-spacing-right-medium:3.84%;--awb-spacing-left-medium:3.84%;--awb-width-small:100%;--awb-order-small:0;--awb-spacing-right-small:1.92%;--awb-spacing-left-small:1.92%;\"><div class=\"fusion-column-wrapper fusion-column-has-shadow fusion-flex-justify-content-flex-start fusion-content-layout-column\"><div class=\"fusion-image-element \" style=\"--awb-aspect-ratio:4 \/ 3;--awb-object-position:27% 55%;--awb-caption-title-font-family:var(--h2_typography-font-family);--awb-caption-title-font-weight:var(--h2_typography-font-weight);--awb-caption-title-font-style:var(--h2_typography-font-style);--awb-caption-title-size:var(--h2_typography-font-size);--awb-caption-title-transform:var(--h2_typography-text-transform);--awb-caption-title-line-height:var(--h2_typography-line-height);--awb-caption-title-letter-spacing:var(--h2_typography-letter-spacing);\"><span class=\" fusion-imageframe imageframe-none imageframe-1 hover-type-none has-aspect-ratio\"><img decoding=\"async\" width=\"1000\" height=\"1000\" alt=\"equipamiento hotel, equipamiento para hoteles, equipamiento hoteles, equipamiento para habitaciones de hotel, equipamiento textil para hoteles, \" title=\"Ciho Estancias Dormitorio 2\" src=\"https:\/\/ciho.es\/wp-content\/uploads\/2024\/05\/ciho-estancias-dormitorio-2.jpg\" data-orig-src=\"https:\/\/ciho.es\/wp-content\/uploads\/2024\/05\/ciho-estancias-dormitorio-2.jpg\" class=\"lazyload img-responsive wp-image-900 img-with-aspect-ratio\" data-parent-fit=\"cover\" data-parent-container=\".fusion-image-element\" srcset=\"data:image\/svg+xml,%3Csvg%20xmlns%3D%27http%3A%2F%2Fwww.w3.org%2F2000%2Fsvg%27%20width%3D%271000%27%20height%3D%271000%27%20viewBox%3D%270%200%201000%201000%27%3E%3Crect%20width%3D%271000%27%20height%3D%271000%27%20fill-opacity%3D%220%22%2F%3E%3C%2Fsvg%3E\" data-srcset=\"https:\/\/ciho.es\/wp-content\/uploads\/2024\/05\/ciho-estancias-dormitorio-2-200x200.jpg 200w, https:\/\/ciho.es\/wp-content\/uploads\/2024\/05\/ciho-estancias-dormitorio-2-400x400.jpg 400w, https:\/\/ciho.es\/wp-content\/uploads\/2024\/05\/ciho-estancias-dormitorio-2-600x600.jpg 600w, https:\/\/ciho.es\/wp-content\/uploads\/2024\/05\/ciho-estancias-dormitorio-2-800x800.jpg 800w, https:\/\/ciho.es\/wp-content\/uploads\/2024\/05\/ciho-estancias-dormitorio-2.jpg 1000w\" data-sizes=\"auto\" data-orig-sizes=\"(max-width: 640px) 100vw, 600px\" \/><\/span><\/div><\/div><\/div><div class=\"fusion-layout-column fusion_builder_column fusion-builder-column-2 fusion_builder_column_1_2 1_2 fusion-flex-column\" style=\"--awb-bg-size:cover;--awb-width-large:50%;--awb-margin-top-large:0px;--awb-spacing-right-large:3.84%;--awb-margin-bottom-large:20px;--awb-spacing-left-large:3.84%;--awb-width-medium:50%;--awb-order-medium:0;--awb-spacing-right-medium:3.84%;--awb-spacing-left-medium:3.84%;--awb-width-small:100%;--awb-order-small:0;--awb-spacing-right-small:1.92%;--awb-spacing-left-small:1.92%;\"><div class=\"fusion-column-wrapper fusion-column-has-shadow fusion-flex-justify-content-flex-start fusion-content-layout-column\"><div class=\"fusion-title title fusion-title-2 fusion-sep-none fusion-title-text fusion-title-size-one\" style=\"--awb-margin-top-small:10px;--awb-margin-right-small:0px;--awb-margin-bottom-small:10px;--awb-margin-left-small:0px;--awb-font-size:40px;\"><h1 class=\"fusion-title-heading title-heading-left\" style=\"margin:0;letter-spacing:1px;font-size:1em;\">Tot el que necessita per aconseguir uns dormitoris on els hostes se sentin com a casa<\/h1><\/div><div class=\"fusion-text fusion-text-1\"><p>La comoditat i el confort d\u2019un dormitori \u00e9s un dels principals elements que els hostes de tota mena tenen en compte a l\u2019hora de valorar la seva estada en un hotel, resid\u00e8ncia o apartament. Si el descans \u00f2ptim no est\u00e0 garantit o hi ha qualsevol element de distorsi\u00f3 que ho impedeix, molt probablement la valoraci\u00f3 que en facin no sigui positiva.<\/span><\/p>\n<p>Els dormitoris s\u00f3n una de les estances, conjuntament amb els banys, que es consideren de car\u00e0cter \u00edntim. S\u00f3n espais que en l\u2019\u00e0mbit dom\u00e8stic o particular pertanyen a la part m\u00e9s privada de les llars i, en certa manera, el mateix passa amb els hotels. Quan es dissenya, distribueix i fan els dormitoris d\u2019un hotel cal fer-ho amb la mirada posada en la intimitat, el descans, el relax i la privacitat. Aconseguir que els hostes se sentin que estan protegits de tot el que passa a l\u2019exterior o en les zones comunes \u00e9s essencial per a qualsevol dormitori.<\/span><\/p>\n<p>A CIHO hi trobar\u00e0 un mar de possibilitats per habilitar dormitoris de tota mena que puguin donar resposta a necessitats molt diferents. Es podr\u00e0 abastar de mobiliari i llits per a dormitoris que han d\u2019allotjar una sola persona o m\u00e9s d\u2019una, fins i tot un grup. Podem oferir-li tot el conjunt t\u00e8xtil imprescindible per equipar aquests dormitoris en qualsevol estaci\u00f3 de l\u2019any oferint una temperatura adequada per al descans. A CIHO no nom\u00e9s li proporcionem els elements imprescindibles per a qualsevol dormitori, sin\u00f3 que tamb\u00e9 podr\u00e0 escollir entre aquells complements o elements decoratius que li poden ser de gran ajuda per definir un estil concret o prestar serveis complementaris als hostes.<\/span><\/p>\n<\/div><\/div><\/div><\/div><\/div><div class=\"fusion-fullwidth fullwidth-box fusion-builder-row-3 fusion-flex-container has-pattern-background has-mask-background hundred-percent-fullwidth non-hundred-percent-height-scrolling\" style=\"--awb-border-radius-top-left:0px;--awb-border-radius-top-right:0px;--awb-border-radius-bottom-right:0px;--awb-border-radius-bottom-left:0px;--awb-padding-top:1.5%;--awb-padding-bottom:3%;--awb-flex-wrap:wrap;\" ><div class=\"fusion-builder-row fusion-row fusion-flex-align-items-flex-start fusion-flex-content-wrap\" style=\"width:104% !important;max-width:104% !important;margin-left: calc(-4% \/ 2 );margin-right: calc(-4% \/ 2 );\"><div class=\"fusion-layout-column fusion_builder_column fusion-builder-column-3 fusion_builder_column_1_1 1_1 fusion-flex-column\" style=\"--awb-bg-size:cover;--awb-width-large:100%;--awb-margin-top-large:0px;--awb-spacing-right-large:1.92%;--awb-margin-bottom-large:20px;--awb-spacing-left-large:1.92%;--awb-width-medium:100%;--awb-order-medium:0;--awb-spacing-right-medium:1.92%;--awb-spacing-left-medium:1.92%;--awb-width-small:100%;--awb-order-small:0;--awb-spacing-right-small:1.92%;--awb-spacing-left-small:1.92%;\"><div class=\"fusion-column-wrapper fusion-column-has-shadow fusion-flex-justify-content-flex-start fusion-content-layout-column\"><div><div id=\"image-map-pro-7441d65b-9aa4-4208-b5dc-6e106abb3cea\"><\/div><\/div><\/div><\/div><\/div><\/div><\/p>\n","protected":false},"excerpt":{"rendered":"","protected":false},"author":1,"featured_media":0,"parent":1092,"menu_order":0,"comment_status":"closed","ping_status":"closed","template":"100-width.php","meta":{"footnotes":""},"class_list":["post-1028","page","type-page","status-publish","hentry"],"_links":{"self":[{"href":"https:\/\/ciho.es\/ca\/wp-json\/wp\/v2\/pages\/1028","targetHints":{"allow":["GET"]}}],"collection":[{"href":"https:\/\/ciho.es\/ca\/wp-json\/wp\/v2\/pages"}],"about":[{"href":"https:\/\/ciho.es\/ca\/wp-json\/wp\/v2\/types\/page"}],"author":[{"embeddable":true,"href":"https:\/\/ciho.es\/ca\/wp-json\/wp\/v2\/users\/1"}],"replies":[{"embeddable":true,"href":"https:\/\/ciho.es\/ca\/wp-json\/wp\/v2\/comments?post=1028"}],"version-history":[{"count":7,"href":"https:\/\/ciho.es\/ca\/wp-json\/wp\/v2\/pages\/1028\/revisions"}],"predecessor-version":[{"id":2065,"href":"https:\/\/ciho.es\/ca\/wp-json\/wp\/v2\/pages\/1028\/revisions\/2065"}],"up":[{"embeddable":true,"href":"https:\/\/ciho.es\/ca\/wp-json\/wp\/v2\/pages\/1092"}],"wp:attachment":[{"href":"https:\/\/ciho.es\/ca\/wp-json\/wp\/v2\/media?parent=1028"}],"curies":[{"name":"wp","href":"https:\/\/api.w.org\/{rel}","templated":true}]}}