{"id":1024,"date":"2024-05-24T07:51:55","date_gmt":"2024-05-24T05:51:55","guid":{"rendered":"https:\/\/ciho.es\/banos\/"},"modified":"2025-12-03T14:36:23","modified_gmt":"2025-12-03T13:36:23","slug":"banys","status":"publish","type":"page","link":"https:\/\/ciho.es\/ca\/estances\/banys\/","title":{"rendered":"Banys"},"content":{"rendered":"<p><div class=\"fusion-fullwidth fullwidth-box fusion-builder-row-1 fusion-flex-container has-pattern-background has-mask-background fusion-parallax-none nonhundred-percent-fullwidth non-hundred-percent-height-scrolling lazyload\" style=\"--awb-border-radius-top-left:0px;--awb-border-radius-top-right:0px;--awb-border-radius-bottom-right:0px;--awb-border-radius-bottom-left:0px;--awb-padding-top:10%;--awb-padding-bottom:3%;--awb-padding-top-small:25%;--awb-background-image:linear-gradient(180deg, rgba(0,0,0,0.5) 0%,rgba(0,0,0,0.5) 100%);;--awb-background-size:cover;--awb-flex-wrap:wrap;\" data-bg=\"https:\/\/ciho.es\/wp-content\/uploads\/2024\/12\/banos-header-0.jpg\" data-bg-gradient=\"linear-gradient(180deg, rgba(0,0,0,0.5) 0%,rgba(0,0,0,0.5) 100%)\" ><div class=\"fusion-builder-row fusion-row fusion-flex-align-items-flex-start fusion-flex-content-wrap\" style=\"max-width:1248px;margin-left: calc(-4% \/ 2 );margin-right: calc(-4% \/ 2 );\"><div class=\"fusion-layout-column fusion_builder_column fusion-builder-column-0 fusion_builder_column_1_1 1_1 fusion-flex-column\" style=\"--awb-bg-size:cover;--awb-width-large:100%;--awb-margin-top-large:0px;--awb-spacing-right-large:1.92%;--awb-margin-bottom-large:0px;--awb-spacing-left-large:1.92%;--awb-width-medium:100%;--awb-order-medium:0;--awb-spacing-right-medium:1.92%;--awb-spacing-left-medium:1.92%;--awb-width-small:100%;--awb-order-small:0;--awb-spacing-right-small:1.92%;--awb-spacing-left-small:1.92%;\" data-scroll-devices=\"small-visibility,medium-visibility,large-visibility\"><div class=\"fusion-column-wrapper fusion-column-has-shadow fusion-flex-justify-content-flex-start fusion-content-layout-column\"><div class=\"fusion-title title fusion-title-1 fusion-sep-none fusion-title-center fusion-title-text fusion-title-size-one\" style=\"--awb-text-color:#ffffff;--awb-margin-top:0px;--awb-margin-bottom:0px;--awb-margin-top-small:10px;--awb-margin-right-small:0px;--awb-margin-bottom-small:10px;--awb-margin-left-small:0px;\"><h1 class=\"fusion-title-heading title-heading-center\" style=\"margin:0;\">Banys<\/h1><\/div><\/div><\/div><\/div><\/div><div class=\"fusion-fullwidth fullwidth-box fusion-builder-row-2 fusion-flex-container has-pattern-background has-mask-background hundred-percent-fullwidth non-hundred-percent-height-scrolling\" style=\"--awb-border-radius-top-left:0px;--awb-border-radius-top-right:0px;--awb-border-radius-bottom-right:0px;--awb-border-radius-bottom-left:0px;--awb-padding-top:3%;--awb-padding-bottom:1.5%;--awb-flex-wrap:wrap;\" ><div class=\"fusion-builder-row fusion-row fusion-flex-align-items-flex-start fusion-flex-content-wrap\" style=\"width:104% !important;max-width:104% !important;margin-left: calc(-4% \/ 2 );margin-right: calc(-4% \/ 2 );\"><div class=\"fusion-layout-column fusion_builder_column fusion-builder-column-1 fusion_builder_column_1_2 1_2 fusion-flex-column\" style=\"--awb-bg-size:cover;--awb-width-large:50%;--awb-margin-top-large:0px;--awb-spacing-right-large:3.84%;--awb-margin-bottom-large:20px;--awb-spacing-left-large:3.84%;--awb-width-medium:50%;--awb-order-medium:0;--awb-spacing-right-medium:3.84%;--awb-spacing-left-medium:3.84%;--awb-width-small:100%;--awb-order-small:0;--awb-spacing-right-small:1.92%;--awb-spacing-left-small:1.92%;\"><div class=\"fusion-column-wrapper fusion-column-has-shadow fusion-flex-justify-content-flex-start fusion-content-layout-column\"><div class=\"fusion-image-element \" style=\"--awb-aspect-ratio:4 \/ 3;--awb-caption-title-font-family:var(--h2_typography-font-family);--awb-caption-title-font-weight:var(--h2_typography-font-weight);--awb-caption-title-font-style:var(--h2_typography-font-style);--awb-caption-title-size:var(--h2_typography-font-size);--awb-caption-title-transform:var(--h2_typography-text-transform);--awb-caption-title-line-height:var(--h2_typography-line-height);--awb-caption-title-letter-spacing:var(--h2_typography-letter-spacing);\"><span class=\" fusion-imageframe imageframe-none imageframe-1 hover-type-none has-aspect-ratio\"><img decoding=\"async\" width=\"1500\" height=\"1000\" alt=\"ba\u00f1os de hoteles de lujo, ba\u00f1os de hoteles, ba\u00f1os de hoteles 5 estrellas, ba\u00f1os de hoteles peque\u00f1os\" title=\"Ciho Banos 4\" src=\"https:\/\/ciho.es\/wp-content\/uploads\/2024\/06\/ciho-banos-4.jpg\" data-orig-src=\"https:\/\/ciho.es\/wp-content\/uploads\/2024\/06\/ciho-banos-4.jpg\" class=\"lazyload img-responsive wp-image-997 img-with-aspect-ratio\" data-parent-fit=\"cover\" data-parent-container=\".fusion-image-element\" srcset=\"data:image\/svg+xml,%3Csvg%20xmlns%3D%27http%3A%2F%2Fwww.w3.org%2F2000%2Fsvg%27%20width%3D%271500%27%20height%3D%271000%27%20viewBox%3D%270%200%201500%201000%27%3E%3Crect%20width%3D%271500%27%20height%3D%271000%27%20fill-opacity%3D%220%22%2F%3E%3C%2Fsvg%3E\" data-srcset=\"https:\/\/ciho.es\/wp-content\/uploads\/2024\/06\/ciho-banos-4-200x133.jpg 200w, https:\/\/ciho.es\/wp-content\/uploads\/2024\/06\/ciho-banos-4-400x267.jpg 400w, https:\/\/ciho.es\/wp-content\/uploads\/2024\/06\/ciho-banos-4-600x400.jpg 600w, https:\/\/ciho.es\/wp-content\/uploads\/2024\/06\/ciho-banos-4-800x533.jpg 800w, https:\/\/ciho.es\/wp-content\/uploads\/2024\/06\/ciho-banos-4-1200x800.jpg 1200w, https:\/\/ciho.es\/wp-content\/uploads\/2024\/06\/ciho-banos-4.jpg 1500w\" data-sizes=\"auto\" data-orig-sizes=\"(max-width: 640px) 100vw, 600px\" \/><\/span><\/div><\/div><\/div><div class=\"fusion-layout-column fusion_builder_column fusion-builder-column-2 fusion_builder_column_1_2 1_2 fusion-flex-column\" style=\"--awb-bg-size:cover;--awb-width-large:50%;--awb-margin-top-large:0px;--awb-spacing-right-large:3.84%;--awb-margin-bottom-large:20px;--awb-spacing-left-large:3.84%;--awb-width-medium:50%;--awb-order-medium:0;--awb-spacing-right-medium:3.84%;--awb-spacing-left-medium:3.84%;--awb-width-small:100%;--awb-order-small:0;--awb-spacing-right-small:1.92%;--awb-spacing-left-small:1.92%;\"><div class=\"fusion-column-wrapper fusion-column-has-shadow fusion-flex-justify-content-flex-start fusion-content-layout-column\"><div class=\"fusion-title title fusion-title-2 fusion-sep-none fusion-title-text fusion-title-size-one\" style=\"--awb-margin-top-small:10px;--awb-margin-right-small:0px;--awb-margin-bottom-small:10px;--awb-margin-left-small:0px;--awb-font-size:40px;\"><h1 class=\"fusion-title-heading title-heading-left\" style=\"margin:0;letter-spacing:1px;font-size:1em;\">Qu\u00e8 necessita per equipar els banys del seu hotel, resid\u00e8ncia o equipament?<\/h1><\/div><div class=\"fusion-text fusion-text-1\"><p>Els banys s\u00f3n un dels espais m\u00e9s delicats a l\u2019hora d\u2019adequar-los: es consideren un espai \u00edntim on tot ha d\u2019estar perfecte. Aquest punt d\u2019intimitat que s\u2019associa als banys fa que siguin una de les estances m\u00e9s complexes per decidir tots i cada un dels elements que els integren.\u00a0<\/span><\/p>\n<p>A m\u00e9s a m\u00e9s, una altra dificultat afegida que tenen els banys \u00e9s que tothom t\u00e9 clar quins s\u00f3n aquells elements imprescindibles que han de tenir, per\u00f2, al mateix temps, es poden fer m\u00e9s o menys complets en funci\u00f3 de la comoditat, luxe i funcionalitat que vulgui oferir. Ning\u00fa discutir\u00e0 com d\u2019important \u00e9s que en un bany hi hagi sanitaris, aixetes o un plat de dutxa, per\u00f2 pot haver-hi uns mobles de bany m\u00e9s senzills o m\u00e9s elegants, unes mampares m\u00e9s o menys resistents, uns miralls senzills o retroil\u00b7luminats\u2026<\/span><\/p>\n<p>El ventall de possibilitats que ofereixen els banys a l\u2019hora de dissenyar-los i decidir quins elements en formaran part \u00e9s enorme. A CIHO comptem amb un cat\u00e0leg immens de possibilitats per al seu bany: si vol un bany senzill i funcional per a una resid\u00e8ncia tenim tot el que necessita; si vol un bany elegant, sofisticat i que desprengui un toc de luxe, tamb\u00e9 li podem oferir; o si necessita uns banys funcionals per a una zona de pas com un aeroport o un estado, no tingui cap dubte que aconseguirem tot l\u2019imprescindible per completar el trencaclosques amb \u00e8xit. <\/span><\/p>\n<\/div><\/div><\/div><\/div><\/div><div class=\"fusion-fullwidth fullwidth-box fusion-builder-row-3 fusion-flex-container has-pattern-background has-mask-background hundred-percent-fullwidth non-hundred-percent-height-scrolling\" style=\"--awb-border-radius-top-left:0px;--awb-border-radius-top-right:0px;--awb-border-radius-bottom-right:0px;--awb-border-radius-bottom-left:0px;--awb-padding-top:1.5%;--awb-padding-bottom:3%;--awb-flex-wrap:wrap;\" ><div class=\"fusion-builder-row fusion-row fusion-flex-align-items-flex-start fusion-flex-content-wrap\" style=\"width:104% !important;max-width:104% !important;margin-left: calc(-4% \/ 2 );margin-right: calc(-4% \/ 2 );\"><div class=\"fusion-layout-column fusion_builder_column fusion-builder-column-3 fusion_builder_column_1_1 1_1 fusion-flex-column\" style=\"--awb-bg-size:cover;--awb-width-large:100%;--awb-margin-top-large:0px;--awb-spacing-right-large:1.92%;--awb-margin-bottom-large:20px;--awb-spacing-left-large:1.92%;--awb-width-medium:100%;--awb-order-medium:0;--awb-spacing-right-medium:1.92%;--awb-spacing-left-medium:1.92%;--awb-width-small:100%;--awb-order-small:0;--awb-spacing-right-small:1.92%;--awb-spacing-left-small:1.92%;\"><div class=\"fusion-column-wrapper fusion-column-has-shadow fusion-flex-justify-content-flex-start fusion-content-layout-column\"><div><div id=\"image-map-pro-54671f0c-e077-4fd3-a224-15beae9da414\"><\/div><\/div><style type=\"text\/css\">.fusion-faqs-wrapper #accordian-1 .fusion-panel { border-color:var(--awb-color3); }.fusion-faqs-wrapper #accordian-1 .fusion-panel:hover{ border-color: var(--awb-color3); }.fusion-accordian #accordian-1 .panel-title a .fa-fusion-box:before{ font-size: 16px;width: 16px;}.fusion-accordian #accordian-1 .panel-title a .fa-fusion-box{ color: var(--awb-color1);}.fusion-accordian  #accordian-1 .panel-title a{font-family:var(--awb-typography1-font-family);font-weight:var(--awb-typography1-font-weight);font-style:var(--awb-typography1-font-style);}.fusion-accordian  #accordian-1 .panel-title a:not(:hover){}.fusion-accordian  #accordian-1 .toggle-content{}.fusion-accordian #accordian-1 .fa-fusion-box { background-color: var(--awb-color7) !important;border-color: var(--awb-color7) !important;}.fusion-accordian #accordian-1 .panel-title a:hover,.fusion-accordian #accordian-1 .panel-title a.hover { color: var(--awb-color5);}.fusion-faq-shortcode .fusion-accordian #accordian-1 .fusion-toggle-boxed-mode:hover .panel-title a { color: var(--awb-color5);}.fusion-accordian #accordian-1 .panel-title .active .fa-fusion-box,.fusion-accordian #accordian-1 .panel-title a:hover .fa-fusion-box,.fusion-accordian #accordian-1 .panel-title a.hover .fa-fusion-box { background-color: var(--awb-color5)!important;border-color: var(--awb-color5)!important;}<\/style><div class=\"fusion-faq-shortcode\" style=\"margin-top:5%;\"><div class=\"fusion-faqs-wrapper\"><div class=\"accordian fusion-accordian\"><div class=\"panel-group \" id=\"accordian-1\"><div class=\"fusion-panel panel-default fusion-faq-post fusion-faq-post-3245 estancias-banos \"><span class=\"entry-title rich-snippet-hidden\">Qu\u00e8 cal tenir en compte per triar les aixetes i la il\u00b7luminaci\u00f3 d&#8217;un bany?<\/span><span class=\"vcard rich-snippet-hidden\"><span class=\"fn\"><a href=\"https:\/\/ciho.es\/ca\/author\/admin\/\" title=\"Posts by admin\" rel=\"author\">admin<\/a><\/span><\/span><span class=\"updated rich-snippet-hidden\">2025-12-03T14:34:54+01:00<\/span><div class=\"panel-heading\"><h4 id=\"faq_1-3245\" class=\"panel-title toggle\"><a data-toggle=\"collapse\" class=\"collapsed\" data-parent=\"#accordian-1\" data-target=\"#collapse-1-3245\" href=\"#collapse-1-3245\" aria-expanded=\"false\"><div class=\"fusion-toggle-icon-wrapper\"><div class=\"fusion-toggle-icon-wrapper-main\"><div class=\"fusion-toggle-icon-wrapper-sub\"><i class=\"fa-fusion-box active-icon awb-icon-minus\" aria-hidden=\"true\"><\/i><i class=\"fa-fusion-box inactive-icon awb-icon-plus\" aria-hidden=\"true\"><\/i><\/div><\/div><\/div><div class=\"fusion-toggle-heading\">Qu\u00e8 cal tenir en compte per triar les aixetes i la il\u00b7luminaci\u00f3 d&#8217;un bany?<\/div><\/a><\/h4><\/div><div id=\"collapse-1-3245\" aria-labelledby=\"faq_1-3245\" class=\"panel-collapse collapse\"><div class=\"panel-body toggle-content post-content\"><p>El principal consell que des de CIHO podem oferir-vos a l&#8217;hora d&#8217;escollir les aixetes i la il\u00b7luminaci\u00f3 del vostre bany \u00e9s que penseu en l&#8217;experi\u00e8ncia que voleu poder oferir a l&#8217;hoste. Voleu un bany pr\u00e0ctic i funcional? Voleu que el bany de les habitacions sigui tamb\u00e9 una zona de relax i benestar a disposici\u00f3 dels seus hostes? El bany ha de ser una simple depend\u00e8ncia pensada per a la higiene personal o tamb\u00e9 es pot transformar en un petit oasi de tranquil\u00b7litat?<\/p>\n<p>Quan tingueu clar el tipus de bany que voleu a les habitacions del vostre hotel us resultar\u00e0 molt m\u00e9s f\u00e0cil saber quin tipus d&#8217;aixetes i d&#8217;il\u00b7luminaci\u00f3 ha d&#8217;aconseguir. Els banys pr\u00e0ctics i funcionals utilitzen aixetes m\u00e9s senzilles i juguen amb il\u00b7luminacions blanques i potents. S\u00f3n banys que prioritzen la practicitat abans que res, formes simples, f\u00e0cils de netejar i mantenir. En canvi, els banys concebuts com una experi\u00e8ncia de relaxaci\u00f3 i benestar, aposten per sistemes d&#8217;il\u00b7luminaci\u00f3 que permeten modular la intensitat i aconseguir llums m\u00e9s t\u00e8nues i les aixetes permeten triar diferents fluxos d&#8217;aigua per aconseguir experi\u00e8ncies m\u00e9s relaxants.<\/p>\n<\/div><\/div><\/div><div class=\"fusion-panel panel-default fusion-faq-post fusion-faq-post-3246 estancias-banos \"><span class=\"entry-title rich-snippet-hidden\">Quin tipus de complements o accessoris per equipar el bany d&#8217;una habitaci\u00f3 d&#8217;hotel podeu trobar a CIHO?<\/span><span class=\"vcard rich-snippet-hidden\"><span class=\"fn\"><a href=\"https:\/\/ciho.es\/ca\/author\/admin\/\" title=\"Posts by admin\" rel=\"author\">admin<\/a><\/span><\/span><span class=\"updated rich-snippet-hidden\">2025-12-03T14:34:49+01:00<\/span><div class=\"panel-heading\"><h4 id=\"faq_1-3246\" class=\"panel-title toggle\"><a data-toggle=\"collapse\" class=\"collapsed\" data-parent=\"#accordian-1\" data-target=\"#collapse-1-3246\" href=\"#collapse-1-3246\" aria-expanded=\"false\"><div class=\"fusion-toggle-icon-wrapper\"><div class=\"fusion-toggle-icon-wrapper-main\"><div class=\"fusion-toggle-icon-wrapper-sub\"><i class=\"fa-fusion-box active-icon awb-icon-minus\" aria-hidden=\"true\"><\/i><i class=\"fa-fusion-box inactive-icon awb-icon-plus\" aria-hidden=\"true\"><\/i><\/div><\/div><\/div><div class=\"fusion-toggle-heading\">Quin tipus de complements o accessoris per equipar el bany d&#8217;una habitaci\u00f3 d&#8217;hotel podeu trobar a CIHO?<\/div><\/a><\/h4><\/div><div id=\"collapse-1-3246\" aria-labelledby=\"faq_1-3246\" class=\"panel-collapse collapse\"><div class=\"panel-body toggle-content post-content\"><p>Un cop equipat el bany d&#8217;un hotel amb tots aquells essencials \u00e9s el moment de triar amb qu\u00e8 m\u00e9s es pot fer agradable l&#8217;estada dels hostes. A CIHO comptem amb un extens assortiment de productes que poden complir amb aquesta funci\u00f3: des de miralls de bany, papereres per a bany, o assecadors per als cabells, fins a complements variats o amenities.<\/p>\n<p>A CIHO comptem amb un gran ventall d&#8217;opcions de cadascun d&#8217;aquests productes. Miralls convencionals, miralls d&#8217;augment, miralls antibaf, papereres petites, papereres amb pedal, assecadors petits i potents, assecadors professionals i una infinitat d&#8217;amenities de tota mena. Fins i tot podem subministrar-li amenities ECO, pensant que pugui oferir una experi\u00e8ncia sostenible als seus hostes.<\/p>\n<\/div><\/div><\/div><div class=\"fusion-panel panel-default fusion-faq-post fusion-faq-post-3247 estancias-banos \"><span class=\"entry-title rich-snippet-hidden\">Quins s\u00f3n els t\u00e8xtils essencials per equipar el bany d&#8217;una habitaci\u00f3 d&#8217;hotel com cal?<\/span><span class=\"vcard rich-snippet-hidden\"><span class=\"fn\"><a href=\"https:\/\/ciho.es\/ca\/author\/admin\/\" title=\"Posts by admin\" rel=\"author\">admin<\/a><\/span><\/span><span class=\"updated rich-snippet-hidden\">2025-12-03T14:34:47+01:00<\/span><div class=\"panel-heading\"><h4 id=\"faq_1-3247\" class=\"panel-title toggle\"><a data-toggle=\"collapse\" class=\"collapsed\" data-parent=\"#accordian-1\" data-target=\"#collapse-1-3247\" href=\"#collapse-1-3247\" aria-expanded=\"false\"><div class=\"fusion-toggle-icon-wrapper\"><div class=\"fusion-toggle-icon-wrapper-main\"><div class=\"fusion-toggle-icon-wrapper-sub\"><i class=\"fa-fusion-box active-icon awb-icon-minus\" aria-hidden=\"true\"><\/i><i class=\"fa-fusion-box inactive-icon awb-icon-plus\" aria-hidden=\"true\"><\/i><\/div><\/div><\/div><div class=\"fusion-toggle-heading\">Quins s\u00f3n els t\u00e8xtils essencials per equipar el bany d&#8217;una habitaci\u00f3 d&#8217;hotel com cal?<\/div><\/a><\/h4><\/div><div id=\"collapse-1-3247\" aria-labelledby=\"faq_1-3247\" class=\"panel-collapse collapse\"><div class=\"panel-body toggle-content post-content\"><p>Els t\u00e8xtils de bany que no poden faltar a cap hotel s\u00f3n les tovalloles. N&#8217;hi ha de diferents mides, materials i textures perqu\u00e8 pugueu triar les que m\u00e9s encaixen a la vostra habitaci\u00f3 d&#8217;hotel.<\/p>\n<p>El m\u00e9s habitual \u00e9s que als banys d&#8217;una habitaci\u00f3 d&#8217;hotel l&#8217;hoste trobi una tovallola gran per al cos, una altra de petita i una per utilitzar-se com a estora per sortir de la dutxa c\u00f2modament. Aquestes tres peces s\u00f3n les m\u00e9s essencials i n&#8217;hi haur\u00e0 tantes de cada tipus com hostes s&#8217;allotgen a aquesta habitaci\u00f3.<\/p>\n<p>Alguns hotels, per oferir m\u00e9s confort als seus hostes tamb\u00e9 inclouen barnussos dins del t\u00e8xtil de bany que els subministren. Tamb\u00e9 hi ha l&#8217;opci\u00f3 de combinar aquest barn\u00fas amb unes sabatilles per fer encara m\u00e9s plaent l&#8217;estada.<\/p>\n<p>Aquests t\u00e8xtils de bany se solen personalitzar amb brodats amb el logotip de l&#8217;hotel o amb els colors corporatius per potenciar la marca de l&#8217;hotel. Des de CIHO ens en podem encarregar.<\/p>\n<\/div><\/div><\/div><div class=\"fusion-panel panel-default fusion-faq-post fusion-faq-post-3239 estancias-banos \"><span class=\"entry-title rich-snippet-hidden\">Quins s\u00f3n els productes essencials per equipar el bany d&#8217;una habitaci\u00f3 d&#8217;hotel com cal?<\/span><span class=\"vcard rich-snippet-hidden\"><span class=\"fn\"><a href=\"https:\/\/ciho.es\/ca\/author\/admin\/\" title=\"Posts by admin\" rel=\"author\">admin<\/a><\/span><\/span><span class=\"updated rich-snippet-hidden\">2025-12-03T14:33:30+01:00<\/span><div class=\"panel-heading\"><h4 id=\"faq_1-3239\" class=\"panel-title toggle\"><a data-toggle=\"collapse\" class=\"collapsed\" data-parent=\"#accordian-1\" data-target=\"#collapse-1-3239\" href=\"#collapse-1-3239\" aria-expanded=\"false\"><div class=\"fusion-toggle-icon-wrapper\"><div class=\"fusion-toggle-icon-wrapper-main\"><div class=\"fusion-toggle-icon-wrapper-sub\"><i class=\"fa-fusion-box active-icon awb-icon-minus\" aria-hidden=\"true\"><\/i><i class=\"fa-fusion-box inactive-icon awb-icon-plus\" aria-hidden=\"true\"><\/i><\/div><\/div><\/div><div class=\"fusion-toggle-heading\">Quins s\u00f3n els productes essencials per equipar el bany d&#8217;una habitaci\u00f3 d&#8217;hotel com cal?<\/div><\/a><\/h4><\/div><div id=\"collapse-1-3239\" aria-labelledby=\"faq_1-3239\" class=\"panel-collapse collapse\"><div class=\"panel-body toggle-content post-content\"><p>A ning\u00fa no se li escapa que hi ha una infinitat de possibilitats a l&#8217;hora d&#8217;equipar completament el bany d&#8217;una habitaci\u00f3 d&#8217;hotel. Tot i aix\u00f2, hi ha algunes peces que s\u00f3n imprescindibles s\u00ed o s\u00ed: els sanitaris, el moble de bany amb el seu lavabo i la dutxa.<\/p>\n<p>\u00c9s cert que avui dia la multiplicitat de formats d&#8217;allotjament hoteler ha deixat espai per a habitacions amb bany compartit i altres modalitats, per\u00f2 tot i aix\u00ed, el que segueix tenint \u00e8xit s\u00f3n les habitacions amb bany privat i sempre inclouen sanitari, dutxa i lavabo.<\/p>\n<p>A partir d&#8217;aqu\u00ed, hi ha una infinitat d&#8217;opcions. Des dels moderns sanitaris suspesos fins als tradicionals sostinguts a terra. Des de les dutxes amb mampara fixa, fins a les m\u00e9s senzilles amb cortines. El mateix passa amb els lavabos, n&#8217;hi ha que v\u00e9nen amb un moble amb calaixos i altres incorporen nom\u00e9s la pe\u00e7a de cer\u00e0mica.<\/p>\n<p>A CIHO podeu trobar tots els essencials per equipar un bany com cal i no nom\u00e9s aix\u00f2, sin\u00f3 que podeu triar entre una infinitat d&#8217;opcions per trobar l&#8217;estil o model que m\u00e9s s&#8217;ajusti a les seves necessitats i pressupost.<\/p>\n<\/div><\/div><\/div><\/div><\/div><\/div><\/div><\/div><\/div><\/div><\/div><\/p>\n","protected":false},"excerpt":{"rendered":"","protected":false},"author":1,"featured_media":0,"parent":1092,"menu_order":0,"comment_status":"closed","ping_status":"closed","template":"100-width.php","meta":{"footnotes":""},"class_list":["post-1024","page","type-page","status-publish","hentry"],"_links":{"self":[{"href":"https:\/\/ciho.es\/ca\/wp-json\/wp\/v2\/pages\/1024","targetHints":{"allow":["GET"]}}],"collection":[{"href":"https:\/\/ciho.es\/ca\/wp-json\/wp\/v2\/pages"}],"about":[{"href":"https:\/\/ciho.es\/ca\/wp-json\/wp\/v2\/types\/page"}],"author":[{"embeddable":true,"href":"https:\/\/ciho.es\/ca\/wp-json\/wp\/v2\/users\/1"}],"replies":[{"embeddable":true,"href":"https:\/\/ciho.es\/ca\/wp-json\/wp\/v2\/comments?post=1024"}],"version-history":[{"count":9,"href":"https:\/\/ciho.es\/ca\/wp-json\/wp\/v2\/pages\/1024\/revisions"}],"predecessor-version":[{"id":3253,"href":"https:\/\/ciho.es\/ca\/wp-json\/wp\/v2\/pages\/1024\/revisions\/3253"}],"up":[{"embeddable":true,"href":"https:\/\/ciho.es\/ca\/wp-json\/wp\/v2\/pages\/1092"}],"wp:attachment":[{"href":"https:\/\/ciho.es\/ca\/wp-json\/wp\/v2\/media?parent=1024"}],"curies":[{"name":"wp","href":"https:\/\/api.w.org\/{rel}","templated":true}]}}