{"id":1021,"date":"2024-05-24T08:07:09","date_gmt":"2024-05-24T06:07:09","guid":{"rendered":"https:\/\/ciho.es\/zonas-comunes\/"},"modified":"2026-04-10T14:43:06","modified_gmt":"2026-04-10T12:43:06","slug":"zones-comunes","status":"publish","type":"page","link":"https:\/\/ciho.es\/ca\/estances\/zones-comunes\/","title":{"rendered":"Zones comunes"},"content":{"rendered":"<p><div class=\"fusion-fullwidth fullwidth-box fusion-builder-row-1 fusion-flex-container has-pattern-background has-mask-background fusion-parallax-none nonhundred-percent-fullwidth non-hundred-percent-height-scrolling lazyload\" style=\"--awb-border-radius-top-left:0px;--awb-border-radius-top-right:0px;--awb-border-radius-bottom-right:0px;--awb-border-radius-bottom-left:0px;--awb-padding-top:10%;--awb-padding-bottom:3%;--awb-padding-top-small:25%;--awb-background-image:linear-gradient(180deg, rgba(0,0,0,0.5) 0%,rgba(0,0,0,0.5) 100%);;--awb-background-size:cover;--awb-flex-wrap:wrap;\" data-bg=\"https:\/\/ciho.es\/wp-content\/uploads\/2024\/12\/estancias-header-1.jpg\" data-bg-gradient=\"linear-gradient(180deg, rgba(0,0,0,0.5) 0%,rgba(0,0,0,0.5) 100%)\" ><div class=\"fusion-builder-row fusion-row fusion-flex-align-items-flex-start fusion-flex-content-wrap\" style=\"max-width:1248px;margin-left: calc(-4% \/ 2 );margin-right: calc(-4% \/ 2 );\"><div class=\"fusion-layout-column fusion_builder_column fusion-builder-column-0 fusion_builder_column_1_1 1_1 fusion-flex-column\" style=\"--awb-bg-size:cover;--awb-width-large:100%;--awb-margin-top-large:0px;--awb-spacing-right-large:1.92%;--awb-margin-bottom-large:0px;--awb-spacing-left-large:1.92%;--awb-width-medium:100%;--awb-order-medium:0;--awb-spacing-right-medium:1.92%;--awb-spacing-left-medium:1.92%;--awb-width-small:100%;--awb-order-small:0;--awb-spacing-right-small:1.92%;--awb-spacing-left-small:1.92%;\" data-scroll-devices=\"small-visibility,medium-visibility,large-visibility\"><div class=\"fusion-column-wrapper fusion-column-has-shadow fusion-flex-justify-content-flex-start fusion-content-layout-column\"><div class=\"fusion-title title fusion-title-1 fusion-sep-none fusion-title-center fusion-title-text fusion-title-size-one\" style=\"--awb-text-color:#ffffff;--awb-margin-top:0px;--awb-margin-bottom:0px;--awb-margin-top-small:10px;--awb-margin-right-small:0px;--awb-margin-bottom-small:10px;--awb-margin-left-small:0px;\"><h1 class=\"fusion-title-heading title-heading-center\" style=\"margin:0;\">Zones comunes<\/h1><\/div><\/div><\/div><\/div><\/div><div class=\"fusion-fullwidth fullwidth-box fusion-builder-row-2 fusion-flex-container has-pattern-background has-mask-background hundred-percent-fullwidth non-hundred-percent-height-scrolling\" style=\"--awb-border-radius-top-left:0px;--awb-border-radius-top-right:0px;--awb-border-radius-bottom-right:0px;--awb-border-radius-bottom-left:0px;--awb-padding-top:3%;--awb-padding-bottom:1.5%;--awb-flex-wrap:wrap;\" ><div class=\"fusion-builder-row fusion-row fusion-flex-align-items-flex-start fusion-flex-content-wrap\" style=\"width:104% !important;max-width:104% !important;margin-left: calc(-4% \/ 2 );margin-right: calc(-4% \/ 2 );\"><div class=\"fusion-layout-column fusion_builder_column fusion-builder-column-1 fusion_builder_column_1_2 1_2 fusion-flex-column\" style=\"--awb-bg-size:cover;--awb-width-large:50%;--awb-margin-top-large:0px;--awb-spacing-right-large:3.84%;--awb-margin-bottom-large:20px;--awb-spacing-left-large:3.84%;--awb-width-medium:50%;--awb-order-medium:0;--awb-spacing-right-medium:3.84%;--awb-spacing-left-medium:3.84%;--awb-width-small:100%;--awb-order-small:0;--awb-spacing-right-small:1.92%;--awb-spacing-left-small:1.92%;\"><div class=\"fusion-column-wrapper fusion-column-has-shadow fusion-flex-justify-content-flex-start fusion-content-layout-column\"><div class=\"fusion-image-element \" style=\"--awb-aspect-ratio:4 \/ 3;--awb-caption-title-font-family:var(--h2_typography-font-family);--awb-caption-title-font-weight:var(--h2_typography-font-weight);--awb-caption-title-font-style:var(--h2_typography-font-style);--awb-caption-title-size:var(--h2_typography-font-size);--awb-caption-title-transform:var(--h2_typography-text-transform);--awb-caption-title-line-height:var(--h2_typography-line-height);--awb-caption-title-letter-spacing:var(--h2_typography-letter-spacing);\"><span class=\" fusion-imageframe imageframe-none imageframe-1 hover-type-none has-aspect-ratio\"><img decoding=\"async\" width=\"1000\" height=\"1000\" alt=\"proveedores hoteles, proveedores de hoteles, proveedores de toallas para hoteles, proveedores de blancos para hoteles, proveedores de sabanas y toallas para hoteles, proveedores amenities para hoteles, proveedores de muebles para hoteles\" title=\"Ciho Estancias Comunes 1\" src=\"https:\/\/ciho.es\/wp-content\/uploads\/2024\/05\/ciho-estancias-comunes-1.jpg\" data-orig-src=\"https:\/\/ciho.es\/wp-content\/uploads\/2024\/05\/ciho-estancias-comunes-1.jpg\" class=\"lazyload img-responsive wp-image-902 img-with-aspect-ratio\" data-parent-fit=\"cover\" data-parent-container=\".fusion-image-element\" srcset=\"data:image\/svg+xml,%3Csvg%20xmlns%3D%27http%3A%2F%2Fwww.w3.org%2F2000%2Fsvg%27%20width%3D%271000%27%20height%3D%271000%27%20viewBox%3D%270%200%201000%201000%27%3E%3Crect%20width%3D%271000%27%20height%3D%271000%27%20fill-opacity%3D%220%22%2F%3E%3C%2Fsvg%3E\" data-srcset=\"https:\/\/ciho.es\/wp-content\/uploads\/2024\/05\/ciho-estancias-comunes-1-200x200.jpg 200w, https:\/\/ciho.es\/wp-content\/uploads\/2024\/05\/ciho-estancias-comunes-1-400x400.jpg 400w, https:\/\/ciho.es\/wp-content\/uploads\/2024\/05\/ciho-estancias-comunes-1-600x600.jpg 600w, https:\/\/ciho.es\/wp-content\/uploads\/2024\/05\/ciho-estancias-comunes-1-800x800.jpg 800w, https:\/\/ciho.es\/wp-content\/uploads\/2024\/05\/ciho-estancias-comunes-1.jpg 1000w\" data-sizes=\"auto\" data-orig-sizes=\"(max-width: 640px) 100vw, 600px\" \/><\/span><\/div><\/div><\/div><div class=\"fusion-layout-column fusion_builder_column fusion-builder-column-2 fusion_builder_column_1_2 1_2 fusion-flex-column\" style=\"--awb-bg-size:cover;--awb-width-large:50%;--awb-margin-top-large:0px;--awb-spacing-right-large:3.84%;--awb-margin-bottom-large:20px;--awb-spacing-left-large:3.84%;--awb-width-medium:50%;--awb-order-medium:0;--awb-spacing-right-medium:3.84%;--awb-spacing-left-medium:3.84%;--awb-width-small:100%;--awb-order-small:0;--awb-spacing-right-small:1.92%;--awb-spacing-left-small:1.92%;\"><div class=\"fusion-column-wrapper fusion-column-has-shadow fusion-flex-justify-content-flex-start fusion-content-layout-column\"><div class=\"fusion-title title fusion-title-2 fusion-sep-none fusion-title-text fusion-title-size-one\" style=\"--awb-margin-top-small:10px;--awb-margin-right-small:0px;--awb-margin-bottom-small:10px;--awb-margin-left-small:0px;--awb-font-size:40px;\"><h1 class=\"fusion-title-heading title-heading-left\" style=\"margin:0;letter-spacing:1px;font-size:1em;\">No descuidis les zones comunes del teu hotel, els teus apartaments o les teves instal\u00b7lacions hoteleres<\/h1><\/div><div class=\"fusion-text fusion-text-1\"><p>A part dels banys i les habitacions, que es consideren espais privats i \u00edntims, dins dels hotels o apartaments hi ha una gran quantitat de zones comunes. En aquestes zones \u00e9s on conviuen els diferents hostes entre s\u00ed i tamb\u00e9 \u00e9s on entren en contacte els hostes amb el personal que treballa a les instal\u00b7lacions o complex hoteler.<\/span><\/p>\n<p>Les zones comunes dels hotels es poden classificar en dos grans grups. Per una banda, hi ha aquelles zones de pas que estan dissenyades perqu\u00e8 els hostes s\u2019hi estiguin un breu per\u00edode de temps. En poden ser un exemple les recepcions o passadissos. Per altra banda, existeixen unes zones perqu\u00e8 els hostes s\u2019hi puguin estar un per\u00edode m\u00e9s llarg, sigui descansant o b\u00e9 gaudint d\u2019alguna activitat. Terrasses, piscines, gimnasos, cafeteries, spa, zones chillout\u2026 S\u00f3n nom\u00e9s alguns dels exemples d\u2019aquesta mena de zones que m\u00e9s triomfen entre els hostes.<\/span><\/p>\n<p>Aquestes zones comunes tamb\u00e9 necessiten ser equipades com toca i a CIHO comptem amb una infinitat de productes de marques de primera qualitat perqu\u00e8 pugui aconseguir-ho. Oferir zones comunes equipades, en qu\u00e8 no hi falti res i on els hostes s\u2019hi puguin sentir com a casa \u00e9s un repte d\u2019all\u00f2 m\u00e9s ambici\u00f3s. Des de CIHO el podem orientar i ajudar a escollir qu\u00e8 necessita en cada situaci\u00f3: comptem amb trenta anys d\u2019experi\u00e8ncia en el sector i coneixem amb tota mena de detalls les tend\u00e8ncies. Som molt m\u00e9s que un simple prove\u00efdor d\u2019equipament hospitality!<\/span><\/p>\n<\/div><\/div><\/div><\/div><\/div><div class=\"fusion-fullwidth fullwidth-box fusion-builder-row-3 fusion-flex-container has-pattern-background has-mask-background hundred-percent-fullwidth non-hundred-percent-height-scrolling\" style=\"--awb-border-radius-top-left:0px;--awb-border-radius-top-right:0px;--awb-border-radius-bottom-right:0px;--awb-border-radius-bottom-left:0px;--awb-padding-top:1.5%;--awb-padding-bottom:3%;--awb-flex-wrap:wrap;\" ><div class=\"fusion-builder-row fusion-row fusion-flex-align-items-flex-start fusion-flex-content-wrap\" style=\"width:104% !important;max-width:104% !important;margin-left: calc(-4% \/ 2 );margin-right: calc(-4% \/ 2 );\"><div class=\"fusion-layout-column fusion_builder_column fusion-builder-column-3 fusion_builder_column_1_1 1_1 fusion-flex-column\" style=\"--awb-bg-size:cover;--awb-width-large:100%;--awb-margin-top-large:0px;--awb-spacing-right-large:1.92%;--awb-margin-bottom-large:20px;--awb-spacing-left-large:1.92%;--awb-width-medium:100%;--awb-order-medium:0;--awb-spacing-right-medium:1.92%;--awb-spacing-left-medium:1.92%;--awb-width-small:100%;--awb-order-small:0;--awb-spacing-right-small:1.92%;--awb-spacing-left-small:1.92%;\"><div class=\"fusion-column-wrapper fusion-column-has-shadow fusion-flex-justify-content-flex-start fusion-content-layout-column\"><div><div id=\"image-map-pro-ee65299c-2ad3-46ec-a5e6-e0f07c874166\"><\/div><\/div><\/div><\/div><\/div><\/div><div class=\"fusion-fullwidth fullwidth-box fusion-builder-row-4 fusion-flex-container has-pattern-background has-mask-background nonhundred-percent-fullwidth non-hundred-percent-height-scrolling\" style=\"--awb-border-radius-top-left:0px;--awb-border-radius-top-right:0px;--awb-border-radius-bottom-right:0px;--awb-border-radius-bottom-left:0px;--awb-padding-top:3%;--awb-padding-bottom:3%;--awb-flex-wrap:wrap;\" ><div class=\"fusion-builder-row fusion-row fusion-flex-align-items-flex-start fusion-flex-content-wrap\" style=\"max-width:1248px;margin-left: calc(-4% \/ 2 );margin-right: calc(-4% \/ 2 );\"><div class=\"fusion-layout-column fusion_builder_column fusion-builder-column-4 fusion_builder_column_1_1 1_1 fusion-flex-column\" style=\"--awb-bg-size:cover;--awb-width-large:100%;--awb-margin-top-large:0px;--awb-spacing-right-large:1.92%;--awb-margin-bottom-large:20px;--awb-spacing-left-large:1.92%;--awb-width-medium:100%;--awb-order-medium:0;--awb-spacing-right-medium:1.92%;--awb-spacing-left-medium:1.92%;--awb-width-small:100%;--awb-order-small:0;--awb-spacing-right-small:1.92%;--awb-spacing-left-small:1.92%;\"><div class=\"fusion-column-wrapper fusion-column-has-shadow fusion-flex-justify-content-flex-start fusion-content-layout-column\"><style type=\"text\/css\">.fusion-faqs-wrapper #accordian-1 .fusion-panel { border-color:var(--awb-color3); }.fusion-faqs-wrapper #accordian-1 .fusion-panel:hover{ border-color: var(--awb-color3); }.fusion-accordian #accordian-1 .panel-title a .fa-fusion-box:before{ font-size: 16px;width: 16px;}.fusion-accordian #accordian-1 .panel-title a .fa-fusion-box{ color: var(--awb-color1);}.fusion-accordian  #accordian-1 .panel-title a{font-family:var(--awb-typography1-font-family);font-weight:var(--awb-typography1-font-weight);font-style:var(--awb-typography1-font-style);}.fusion-accordian  #accordian-1 .panel-title a:not(:hover){}.fusion-accordian  #accordian-1 .toggle-content{}.fusion-accordian #accordian-1 .fa-fusion-box { background-color: var(--awb-color7) !important;border-color: var(--awb-color7) !important;}.fusion-accordian #accordian-1 .panel-title a:hover,.fusion-accordian #accordian-1 .panel-title a.hover { color: var(--awb-color5);}.fusion-faq-shortcode .fusion-accordian #accordian-1 .fusion-toggle-boxed-mode:hover .panel-title a { color: var(--awb-color5);}.fusion-accordian #accordian-1 .panel-title .active .fa-fusion-box,.fusion-accordian #accordian-1 .panel-title a:hover .fa-fusion-box,.fusion-accordian #accordian-1 .panel-title a.hover .fa-fusion-box { background-color: var(--awb-color5)!important;border-color: var(--awb-color5)!important;}<\/style><div class=\"fusion-faq-shortcode\" style=\"\"><div class=\"fusion-faqs-wrapper\"><div class=\"accordian fusion-accordian\"><div class=\"panel-group \" id=\"accordian-1\"><div class=\"fusion-panel panel-default fusion-faq-post fusion-faq-post-3609 estances-zones-comunes \"><span class=\"entry-title rich-snippet-hidden\">Quin impacte tenen les zones comunes a l&#8217;experi\u00e8ncia de l&#8217;hoste?<\/span><span class=\"vcard rich-snippet-hidden\"><span class=\"fn\"><a href=\"https:\/\/ciho.es\/ca\/author\/admin\/\" title=\"Posts by admin\" rel=\"author\">admin<\/a><\/span><\/span><span class=\"updated rich-snippet-hidden\">2026-04-10T14:42:10+02:00<\/span><div class=\"panel-heading\"><h4 id=\"faq_1-3609\" class=\"panel-title toggle\"><a data-toggle=\"collapse\" class=\"collapsed\" data-parent=\"#accordian-1\" data-target=\"#collapse-1-3609\" href=\"#collapse-1-3609\" aria-expanded=\"false\"><div class=\"fusion-toggle-icon-wrapper\"><div class=\"fusion-toggle-icon-wrapper-main\"><div class=\"fusion-toggle-icon-wrapper-sub\"><i class=\"fa-fusion-box active-icon awb-icon-minus\" aria-hidden=\"true\"><\/i><i class=\"fa-fusion-box inactive-icon awb-icon-plus\" aria-hidden=\"true\"><\/i><\/div><\/div><\/div><div class=\"fusion-toggle-heading\">Quin impacte tenen les zones comunes a l&#8217;experi\u00e8ncia de l&#8217;hoste?<\/div><\/a><\/h4><\/div><div id=\"collapse-1-3609\" aria-labelledby=\"faq_1-3609\" class=\"panel-collapse collapse\"><div class=\"panel-body toggle-content post-content\"><p><span style=\"font-weight: 400;\">Les zones comunes s\u00f3n la carta de presentaci\u00f3 de l\u2019hotel i un dels espais on el client passa m\u00e9s temps fora de l\u2019habitaci\u00f3. Un ambient cuidat, c\u00f2mode i ben equipat transmet professionalitat i qualitat. A m\u00e9s, quan aquests espais estan ben dissenyats, afavoreixen la interacci\u00f3, el descans i la comoditat, influint directament en la satisfacci\u00f3 i en la valoraci\u00f3 final de l\u2019estada.<\/span><\/p>\n<\/div><\/div><\/div><div class=\"fusion-panel panel-default fusion-faq-post fusion-faq-post-3607 estances-zones-comunes \"><span class=\"entry-title rich-snippet-hidden\">Com es pot optimitzar el manteniment a les zones comunes?<\/span><span class=\"vcard rich-snippet-hidden\"><span class=\"fn\"><a href=\"https:\/\/ciho.es\/ca\/author\/admin\/\" title=\"Posts by admin\" rel=\"author\">admin<\/a><\/span><\/span><span class=\"updated rich-snippet-hidden\">2026-04-10T14:39:43+02:00<\/span><div class=\"panel-heading\"><h4 id=\"faq_1-3607\" class=\"panel-title toggle\"><a data-toggle=\"collapse\" class=\"collapsed\" data-parent=\"#accordian-1\" data-target=\"#collapse-1-3607\" href=\"#collapse-1-3607\" aria-expanded=\"false\"><div class=\"fusion-toggle-icon-wrapper\"><div class=\"fusion-toggle-icon-wrapper-main\"><div class=\"fusion-toggle-icon-wrapper-sub\"><i class=\"fa-fusion-box active-icon awb-icon-minus\" aria-hidden=\"true\"><\/i><i class=\"fa-fusion-box inactive-icon awb-icon-plus\" aria-hidden=\"true\"><\/i><\/div><\/div><\/div><div class=\"fusion-toggle-heading\">Com es pot optimitzar el manteniment a les zones comunes?<\/div><\/a><\/h4><\/div><div id=\"collapse-1-3607\" aria-labelledby=\"faq_1-3607\" class=\"panel-collapse collapse\"><div class=\"panel-body toggle-content post-content\"><p><span style=\"font-weight: 400;\">Per facilitar el manteniment, \u00e9s clau seleccionar productes dissenyats espec\u00edficament per al sector hoteler. Superf\u00edcies resistents a taques, t\u00e8xtils d\u2019alta durabilitat i solucions t\u00e8cniques que simplifiquin la neteja di\u00e0ria ajuden a reduir temps i costos operatius. Tamb\u00e9 \u00e9s recomanable incorporar elements que millorin la higiene i l\u2019organitzaci\u00f3, especialment en \u00e0rees amb gran aflu\u00e8ncia d\u2019hostes.<\/span><\/p>\n<\/div><\/div><\/div><div class=\"fusion-panel panel-default fusion-faq-post fusion-faq-post-3605 estances-zones-comunes \"><span class=\"entry-title rich-snippet-hidden\">Quines caracter\u00edstiques ha de tenir el mobiliari per a les zones comunes?<\/span><span class=\"vcard rich-snippet-hidden\"><span class=\"fn\"><a href=\"https:\/\/ciho.es\/ca\/author\/admin\/\" title=\"Posts by admin\" rel=\"author\">admin<\/a><\/span><\/span><span class=\"updated rich-snippet-hidden\">2026-04-10T14:39:24+02:00<\/span><div class=\"panel-heading\"><h4 id=\"faq_1-3605\" class=\"panel-title toggle\"><a data-toggle=\"collapse\" class=\"collapsed\" data-parent=\"#accordian-1\" data-target=\"#collapse-1-3605\" href=\"#collapse-1-3605\" aria-expanded=\"false\"><div class=\"fusion-toggle-icon-wrapper\"><div class=\"fusion-toggle-icon-wrapper-main\"><div class=\"fusion-toggle-icon-wrapper-sub\"><i class=\"fa-fusion-box active-icon awb-icon-minus\" aria-hidden=\"true\"><\/i><i class=\"fa-fusion-box inactive-icon awb-icon-plus\" aria-hidden=\"true\"><\/i><\/div><\/div><\/div><div class=\"fusion-toggle-heading\">Quines caracter\u00edstiques ha de tenir el mobiliari per a les zones comunes?<\/div><\/a><\/h4><\/div><div id=\"collapse-1-3605\" aria-labelledby=\"faq_1-3605\" class=\"panel-collapse collapse\"><div class=\"panel-body toggle-content post-content\"><p><span style=\"font-weight: 400;\">El mobiliari a les zones comunes ha de ser durador, segur i f\u00e0cil de netejar. S\u00f3n espais de molt tr\u00e0nsit, per la qual cosa els materials han de resistir un \u00fas intensiu sense perdre est\u00e8tica ni funcionalitat. A m\u00e9s, \u00e9s recomanable optar per peces vers\u00e0tils que permetin reorganitzar l\u2019espai segons necessitats puntuals, com ara esdeveniments o canvis en la distribuci\u00f3.<\/span><\/p>\n<\/div><\/div><\/div><div class=\"fusion-panel panel-default fusion-faq-post fusion-faq-post-3602 estances-zones-comunes \"><span class=\"entry-title rich-snippet-hidden\">Com s\u2019ha de planificar l\u2019equipament de les zones comunes d\u2019un hotel?<\/span><span class=\"vcard rich-snippet-hidden\"><span class=\"fn\"><a href=\"https:\/\/ciho.es\/ca\/author\/admin\/\" title=\"Posts by admin\" rel=\"author\">admin<\/a><\/span><\/span><span class=\"updated rich-snippet-hidden\">2026-04-10T14:39:03+02:00<\/span><div class=\"panel-heading\"><h4 id=\"faq_1-3602\" class=\"panel-title toggle\"><a data-toggle=\"collapse\" class=\"collapsed\" data-parent=\"#accordian-1\" data-target=\"#collapse-1-3602\" href=\"#collapse-1-3602\" aria-expanded=\"false\"><div class=\"fusion-toggle-icon-wrapper\"><div class=\"fusion-toggle-icon-wrapper-main\"><div class=\"fusion-toggle-icon-wrapper-sub\"><i class=\"fa-fusion-box active-icon awb-icon-minus\" aria-hidden=\"true\"><\/i><i class=\"fa-fusion-box inactive-icon awb-icon-plus\" aria-hidden=\"true\"><\/i><\/div><\/div><\/div><div class=\"fusion-toggle-heading\">Com s\u2019ha de planificar l\u2019equipament de les zones comunes d\u2019un hotel?<\/div><\/a><\/h4><\/div><div id=\"collapse-1-3602\" aria-labelledby=\"faq_1-3602\" class=\"panel-collapse collapse\"><div class=\"panel-body toggle-content post-content\"><p><span style=\"font-weight: 400;\">La planificaci\u00f3 ha de partir del tipus d\u2019establiment i del perfil de l\u2019hoste. No \u00e9s el mateix equipar el lobby d\u2019un hotel urb\u00e0 orientat a negocis que el d\u2019un resort vacacional. \u00c9s important analitzar el tr\u00e0nsit diari, els usos previstos de l\u2019espai (descans, treball, oci) i escollir mobiliari i equipament resistents, funcionals i f\u00e0cils de mantenir. Una planificaci\u00f3 correcta evita reposicions freq\u00fcents i millora la rendibilitat a llarg termini.<\/span><\/p>\n<\/div><\/div><\/div><\/div><\/div><\/div><\/div><\/div><\/div><\/div><\/div><\/p>\n","protected":false},"excerpt":{"rendered":"","protected":false},"author":1,"featured_media":0,"parent":1092,"menu_order":0,"comment_status":"closed","ping_status":"closed","template":"100-width.php","meta":{"footnotes":""},"class_list":["post-1021","page","type-page","status-publish","hentry"],"_links":{"self":[{"href":"https:\/\/ciho.es\/ca\/wp-json\/wp\/v2\/pages\/1021","targetHints":{"allow":["GET"]}}],"collection":[{"href":"https:\/\/ciho.es\/ca\/wp-json\/wp\/v2\/pages"}],"about":[{"href":"https:\/\/ciho.es\/ca\/wp-json\/wp\/v2\/types\/page"}],"author":[{"embeddable":true,"href":"https:\/\/ciho.es\/ca\/wp-json\/wp\/v2\/users\/1"}],"replies":[{"embeddable":true,"href":"https:\/\/ciho.es\/ca\/wp-json\/wp\/v2\/comments?post=1021"}],"version-history":[{"count":9,"href":"https:\/\/ciho.es\/ca\/wp-json\/wp\/v2\/pages\/1021\/revisions"}],"predecessor-version":[{"id":3625,"href":"https:\/\/ciho.es\/ca\/wp-json\/wp\/v2\/pages\/1021\/revisions\/3625"}],"up":[{"embeddable":true,"href":"https:\/\/ciho.es\/ca\/wp-json\/wp\/v2\/pages\/1092"}],"wp:attachment":[{"href":"https:\/\/ciho.es\/ca\/wp-json\/wp\/v2\/media?parent=1021"}],"curies":[{"name":"wp","href":"https:\/\/api.w.org\/{rel}","templated":true}]}}