{"id":1019,"date":"2024-05-24T08:06:59","date_gmt":"2024-05-24T06:06:59","guid":{"rendered":"https:\/\/ciho.es\/cocinas\/"},"modified":"2026-01-12T12:20:22","modified_gmt":"2026-01-12T11:20:22","slug":"cuines","status":"publish","type":"page","link":"https:\/\/ciho.es\/ca\/estances\/cuines\/","title":{"rendered":"Cuines"},"content":{"rendered":"<p><div class=\"fusion-fullwidth fullwidth-box fusion-builder-row-1 fusion-flex-container has-pattern-background has-mask-background fusion-parallax-none nonhundred-percent-fullwidth non-hundred-percent-height-scrolling lazyload\" style=\"--awb-border-radius-top-left:0px;--awb-border-radius-top-right:0px;--awb-border-radius-bottom-right:0px;--awb-border-radius-bottom-left:0px;--awb-padding-top:10%;--awb-padding-bottom:3%;--awb-padding-top-small:25%;--awb-background-image:linear-gradient(180deg, rgba(0,0,0,0.5) 0%,rgba(0,0,0,0.5) 100%);;--awb-background-size:cover;--awb-flex-wrap:wrap;\" data-bg=\"https:\/\/ciho.es\/wp-content\/uploads\/2024\/12\/estancias-header-4.jpg\" data-bg-gradient=\"linear-gradient(180deg, rgba(0,0,0,0.5) 0%,rgba(0,0,0,0.5) 100%)\" ><div class=\"fusion-builder-row fusion-row fusion-flex-align-items-flex-start fusion-flex-content-wrap\" style=\"max-width:1248px;margin-left: calc(-4% \/ 2 );margin-right: calc(-4% \/ 2 );\"><div class=\"fusion-layout-column fusion_builder_column fusion-builder-column-0 fusion_builder_column_1_1 1_1 fusion-flex-column\" style=\"--awb-bg-size:cover;--awb-width-large:100%;--awb-margin-top-large:0px;--awb-spacing-right-large:1.92%;--awb-margin-bottom-large:0px;--awb-spacing-left-large:1.92%;--awb-width-medium:100%;--awb-order-medium:0;--awb-spacing-right-medium:1.92%;--awb-spacing-left-medium:1.92%;--awb-width-small:100%;--awb-order-small:0;--awb-spacing-right-small:1.92%;--awb-spacing-left-small:1.92%;\" data-scroll-devices=\"small-visibility,medium-visibility,large-visibility\"><div class=\"fusion-column-wrapper fusion-column-has-shadow fusion-flex-justify-content-flex-start fusion-content-layout-column\"><div class=\"fusion-title title fusion-title-1 fusion-sep-none fusion-title-center fusion-title-text fusion-title-size-one\" style=\"--awb-text-color:#ffffff;--awb-margin-top:0px;--awb-margin-bottom:0px;--awb-margin-top-small:10px;--awb-margin-right-small:0px;--awb-margin-bottom-small:10px;--awb-margin-left-small:0px;\"><h1 class=\"fusion-title-heading title-heading-center\" style=\"margin:0;\">Cuines<\/h1><\/div><\/div><\/div><\/div><\/div><div class=\"fusion-fullwidth fullwidth-box fusion-builder-row-2 fusion-flex-container has-pattern-background has-mask-background hundred-percent-fullwidth non-hundred-percent-height-scrolling\" style=\"--awb-border-radius-top-left:0px;--awb-border-radius-top-right:0px;--awb-border-radius-bottom-right:0px;--awb-border-radius-bottom-left:0px;--awb-padding-top:3%;--awb-padding-bottom:1.5%;--awb-flex-wrap:wrap;\" ><div class=\"fusion-builder-row fusion-row fusion-flex-align-items-flex-start fusion-flex-content-wrap\" style=\"width:104% !important;max-width:104% !important;margin-left: calc(-4% \/ 2 );margin-right: calc(-4% \/ 2 );\"><div class=\"fusion-layout-column fusion_builder_column fusion-builder-column-1 fusion_builder_column_1_2 1_2 fusion-flex-column\" style=\"--awb-bg-size:cover;--awb-width-large:50%;--awb-margin-top-large:0px;--awb-spacing-right-large:3.84%;--awb-margin-bottom-large:20px;--awb-spacing-left-large:3.84%;--awb-width-medium:50%;--awb-order-medium:0;--awb-spacing-right-medium:3.84%;--awb-spacing-left-medium:3.84%;--awb-width-small:100%;--awb-order-small:0;--awb-spacing-right-small:1.92%;--awb-spacing-left-small:1.92%;\"><div class=\"fusion-column-wrapper fusion-column-has-shadow fusion-flex-justify-content-flex-start fusion-content-layout-column\"><div class=\"fusion-image-element \" style=\"--awb-aspect-ratio:4 \/ 3;--awb-object-position:49% 84%;--awb-caption-title-font-family:var(--h2_typography-font-family);--awb-caption-title-font-weight:var(--h2_typography-font-weight);--awb-caption-title-font-style:var(--h2_typography-font-style);--awb-caption-title-size:var(--h2_typography-font-size);--awb-caption-title-transform:var(--h2_typography-text-transform);--awb-caption-title-line-height:var(--h2_typography-line-height);--awb-caption-title-letter-spacing:var(--h2_typography-letter-spacing);\"><span class=\" fusion-imageframe imageframe-none imageframe-1 hover-type-none has-aspect-ratio\"><img decoding=\"async\" width=\"1000\" height=\"1500\" alt=\"equipamiento hotel, equipamiento para hoteles, equipamiento hoteles, equipamiento para habitaciones de hotel, equipamiento textil para hoteles, \" title=\"Ciho Estancias Cocina 1\" src=\"https:\/\/ciho.es\/wp-content\/uploads\/2024\/05\/ciho-estancias-cocina-1.jpg\" data-orig-src=\"https:\/\/ciho.es\/wp-content\/uploads\/2024\/05\/ciho-estancias-cocina-1.jpg\" class=\"lazyload img-responsive wp-image-897 img-with-aspect-ratio\" data-parent-fit=\"cover\" data-parent-container=\".fusion-image-element\" srcset=\"data:image\/svg+xml,%3Csvg%20xmlns%3D%27http%3A%2F%2Fwww.w3.org%2F2000%2Fsvg%27%20width%3D%271000%27%20height%3D%271500%27%20viewBox%3D%270%200%201000%201500%27%3E%3Crect%20width%3D%271000%27%20height%3D%271500%27%20fill-opacity%3D%220%22%2F%3E%3C%2Fsvg%3E\" data-srcset=\"https:\/\/ciho.es\/wp-content\/uploads\/2024\/05\/ciho-estancias-cocina-1-200x300.jpg 200w, https:\/\/ciho.es\/wp-content\/uploads\/2024\/05\/ciho-estancias-cocina-1-400x600.jpg 400w, https:\/\/ciho.es\/wp-content\/uploads\/2024\/05\/ciho-estancias-cocina-1-600x900.jpg 600w, https:\/\/ciho.es\/wp-content\/uploads\/2024\/05\/ciho-estancias-cocina-1-800x1200.jpg 800w, https:\/\/ciho.es\/wp-content\/uploads\/2024\/05\/ciho-estancias-cocina-1.jpg 1000w\" data-sizes=\"auto\" data-orig-sizes=\"(max-width: 640px) 100vw, 600px\" \/><\/span><\/div><\/div><\/div><div class=\"fusion-layout-column fusion_builder_column fusion-builder-column-2 fusion_builder_column_1_2 1_2 fusion-flex-column\" style=\"--awb-bg-size:cover;--awb-width-large:50%;--awb-margin-top-large:0px;--awb-spacing-right-large:3.84%;--awb-margin-bottom-large:20px;--awb-spacing-left-large:3.84%;--awb-width-medium:50%;--awb-order-medium:0;--awb-spacing-right-medium:3.84%;--awb-spacing-left-medium:3.84%;--awb-width-small:100%;--awb-order-small:0;--awb-spacing-right-small:1.92%;--awb-spacing-left-small:1.92%;\"><div class=\"fusion-column-wrapper fusion-column-has-shadow fusion-flex-justify-content-flex-start fusion-content-layout-column\"><div class=\"fusion-title title fusion-title-2 fusion-sep-none fusion-title-text fusion-title-size-one\" style=\"--awb-margin-top-small:10px;--awb-margin-right-small:0px;--awb-margin-bottom-small:10px;--awb-margin-left-small:0px;--awb-font-size:40px;\"><h1 class=\"fusion-title-heading title-heading-left\" style=\"margin:0;letter-spacing:1px;font-size:1em;\">Tot el que necessita per aconseguir unes cuines totalment equipades en qu\u00e8 no hi falti res<\/h1><\/div><div class=\"fusion-text fusion-text-1\"><p>A alg\u00fa li pot passar pel cap que un hotel no tingui cuina? I un restaurant que treballi amb els mateixos electrodom\u00e8stics que es podrien trobar a la cuina de qualsevol casa? Preparar menjar per a un volum de persones important no es pot ser si no es compta amb la infraestructura necess\u00e0ria, oi? \u00c9s evident que la resposta a totes aquestes q\u00fcestions \u00e9s no i des de CIHO li podem ser de gran ajuda per posar remei si aquest \u00e9s el seu cas.\u00a0<\/span><\/p>\n<p>A CIHO som representants de les marques m\u00e9s prestigioses d\u2019electrodom\u00e8stics del mercat i li podem ser molt \u00fatils tant si es troba en la situaci\u00f3 d\u2019haver d\u2019equipar les cuines d\u2019uns apartaments com la cuina d\u2019un gran hotel que ha de servir centenars d\u2019\u00e0pats al dia. L\u2019assortit de productes per a cuines que posem a la seva disposici\u00f3 \u00e9s tan gran i variat que podem ser l\u2019\u00fanic prove\u00efdor amb qui hagi de contactar per aconseguir tot el que necessita. Aix\u00ed de f\u00e0cil: tot en un \u00fanic prove\u00efdor, CIHO.<\/span><\/p>\n<p>La nostra llarga experi\u00e8ncia en el sector ens ha fet coneixedors de tot all\u00f2 que cal saber per equipar una cuina professional en condicions. Per aquest motiu, a CIHO no nom\u00e9s hi trobar\u00e0 un partner de confian\u00e7a, sin\u00f3 tamb\u00e9 una veu experta que pugui assessorar-lo o guiar-lo a l\u2019hora d\u2019escollir aquells electrodom\u00e8stics o equips m\u00e9s adequats per equipar la seva cuina en funci\u00f3 de quines siguin les necessitats que t\u00e9. Ser\u00e0 un plaer ajudar-lo i proporcionar-li els forns, neveres, frigor\u00edfics, microones i cafeteres que necessiti.<\/span><\/p>\n<\/div><\/div><\/div><\/div><\/div><div class=\"fusion-fullwidth fullwidth-box fusion-builder-row-3 fusion-flex-container has-pattern-background has-mask-background hundred-percent-fullwidth non-hundred-percent-height-scrolling\" style=\"--awb-border-radius-top-left:0px;--awb-border-radius-top-right:0px;--awb-border-radius-bottom-right:0px;--awb-border-radius-bottom-left:0px;--awb-padding-top:1.5%;--awb-padding-bottom:3%;--awb-flex-wrap:wrap;\" ><div class=\"fusion-builder-row fusion-row fusion-flex-align-items-flex-start fusion-flex-content-wrap\" style=\"width:104% !important;max-width:104% !important;margin-left: calc(-4% \/ 2 );margin-right: calc(-4% \/ 2 );\"><div class=\"fusion-layout-column fusion_builder_column fusion-builder-column-3 fusion_builder_column_1_1 1_1 fusion-flex-column\" style=\"--awb-bg-size:cover;--awb-width-large:100%;--awb-margin-top-large:0px;--awb-spacing-right-large:1.92%;--awb-margin-bottom-large:20px;--awb-spacing-left-large:1.92%;--awb-width-medium:100%;--awb-order-medium:0;--awb-spacing-right-medium:1.92%;--awb-spacing-left-medium:1.92%;--awb-width-small:100%;--awb-order-small:0;--awb-spacing-right-small:1.92%;--awb-spacing-left-small:1.92%;\"><div class=\"fusion-column-wrapper fusion-column-has-shadow fusion-flex-justify-content-flex-start fusion-content-layout-column\"><div><div id=\"image-map-pro-eb61bf11-b4ef-4b14-bf60-dcc02075d5d6\"><\/div><\/div><\/div><\/div><\/div><\/div><div class=\"fusion-fullwidth fullwidth-box fusion-builder-row-4 fusion-flex-container has-pattern-background has-mask-background nonhundred-percent-fullwidth non-hundred-percent-height-scrolling\" style=\"--awb-border-radius-top-left:0px;--awb-border-radius-top-right:0px;--awb-border-radius-bottom-right:0px;--awb-border-radius-bottom-left:0px;--awb-padding-bottom:3%;--awb-flex-wrap:wrap;\" ><div class=\"fusion-builder-row fusion-row fusion-flex-align-items-flex-start fusion-flex-content-wrap\" style=\"max-width:1248px;margin-left: calc(-4% \/ 2 );margin-right: calc(-4% \/ 2 );\"><div class=\"fusion-layout-column fusion_builder_column fusion-builder-column-4 fusion_builder_column_1_1 1_1 fusion-flex-column\" style=\"--awb-bg-size:cover;--awb-width-large:100%;--awb-margin-top-large:0px;--awb-spacing-right-large:1.92%;--awb-margin-bottom-large:20px;--awb-spacing-left-large:1.92%;--awb-width-medium:100%;--awb-order-medium:0;--awb-spacing-right-medium:1.92%;--awb-spacing-left-medium:1.92%;--awb-width-small:100%;--awb-order-small:0;--awb-spacing-right-small:1.92%;--awb-spacing-left-small:1.92%;\"><div class=\"fusion-column-wrapper fusion-column-has-shadow fusion-flex-justify-content-flex-start fusion-content-layout-column\"><style type=\"text\/css\">.fusion-faqs-wrapper #accordian-1 .fusion-panel { border-color:var(--awb-color3); }.fusion-faqs-wrapper #accordian-1 .fusion-panel:hover{ border-color: var(--awb-color3); }.fusion-accordian #accordian-1 .panel-title a .fa-fusion-box:before{ font-size: 16px;width: 16px;}.fusion-accordian #accordian-1 .panel-title a .fa-fusion-box{ color: var(--awb-color1);}.fusion-accordian  #accordian-1 .panel-title a{font-family:var(--awb-typography1-font-family);font-weight:var(--awb-typography1-font-weight);font-style:var(--awb-typography1-font-style);}.fusion-accordian  #accordian-1 .panel-title a:not(:hover){}.fusion-accordian  #accordian-1 .toggle-content{}.fusion-accordian #accordian-1 .fa-fusion-box { background-color: var(--awb-color7) !important;border-color: var(--awb-color7) !important;}.fusion-accordian #accordian-1 .panel-title a:hover,.fusion-accordian #accordian-1 .panel-title a.hover { color: var(--awb-color5);}.fusion-faq-shortcode .fusion-accordian #accordian-1 .fusion-toggle-boxed-mode:hover .panel-title a { color: var(--awb-color5);}.fusion-accordian #accordian-1 .panel-title .active .fa-fusion-box,.fusion-accordian #accordian-1 .panel-title a:hover .fa-fusion-box,.fusion-accordian #accordian-1 .panel-title a.hover .fa-fusion-box { background-color: var(--awb-color5)!important;border-color: var(--awb-color5)!important;}<\/style><div class=\"fusion-faq-shortcode\" style=\"\"><div class=\"fusion-faqs-wrapper\"><div class=\"accordian fusion-accordian\"><div class=\"panel-group \" id=\"accordian-1\"><div class=\"fusion-panel panel-default fusion-faq-post fusion-faq-post-3341 estances-cuines \"><span class=\"entry-title rich-snippet-hidden\">Qu\u00e8 cal tenir en compte per triar els acabats, el taulell i la il\u00b7luminaci\u00f3 d&#8217;una cuina?<\/span><span class=\"vcard rich-snippet-hidden\"><span class=\"fn\"><a href=\"https:\/\/ciho.es\/ca\/author\/admin\/\" title=\"Posts by admin\" rel=\"author\">admin<\/a><\/span><\/span><span class=\"updated rich-snippet-hidden\">2026-01-12T12:05:00+01:00<\/span><div class=\"panel-heading\"><h4 id=\"faq_1-3341\" class=\"panel-title toggle\"><a data-toggle=\"collapse\" class=\"collapsed\" data-parent=\"#accordian-1\" data-target=\"#collapse-1-3341\" href=\"#collapse-1-3341\" aria-expanded=\"false\"><div class=\"fusion-toggle-icon-wrapper\"><div class=\"fusion-toggle-icon-wrapper-main\"><div class=\"fusion-toggle-icon-wrapper-sub\"><i class=\"fa-fusion-box active-icon awb-icon-minus\" aria-hidden=\"true\"><\/i><i class=\"fa-fusion-box inactive-icon awb-icon-plus\" aria-hidden=\"true\"><\/i><\/div><\/div><\/div><div class=\"fusion-toggle-heading\">Qu\u00e8 cal tenir en compte per triar els acabats, el taulell i la il\u00b7luminaci\u00f3 d&#8217;una cuina?<\/div><\/a><\/h4><\/div><div id=\"collapse-1-3341\" aria-labelledby=\"faq_1-3341\" class=\"panel-collapse collapse\"><div class=\"panel-body toggle-content post-content\"><p><span style=\"font-weight: 400;\">A l&#8217;hora d&#8217;escollir els acabats d&#8217;una cuina, \u00e9s fonamental pensar en l&#8217;equilibri entre l&#8217;est\u00e8tica i la funcionalitat. Els materials han de ser f\u00e0cils de netejar, resistents a l&#8217;\u00fas diari i coherents amb la imatge de l&#8217;allotjament.<\/span><\/p>\n<p><span style=\"font-weight: 400;\">Els taulells tenen un paper clau, tant a nivell pr\u00e0ctic com visual. Hi ha m\u00faltiples opcions quant a materials, colors i textures, des de solucions m\u00e9s econ\u00f2miques fins a taulells d&#8217;alta gamma que aporten un valor afegit a la cuina. L&#8217;elecci\u00f3 dependr\u00e0 del tipus de client i del nivell d&#8217;experi\u00e8ncia que es vol oferir.<\/span><\/p>\n<p><span style=\"font-weight: 400;\">Pel que fa a la il\u00b7luminaci\u00f3, una cuina ben il\u00b7luminada millora la seguretat i la comoditat. El m\u00e9s habitual \u00e9s combinar una il\u00b7luminaci\u00f3 general potent amb punts de llum espec\u00edfics en zones de treball com el taulell o la pica. A les cuines obertes al sal\u00f3, la il\u00b7luminaci\u00f3 tamb\u00e9 compleix una funci\u00f3 decorativa i ajuda a crear un ambient agradable.<\/span><\/p>\n<p><span style=\"font-weight: 400;\">Des de CIHO us assessorem perqu\u00e8 cada detall de la cuina \u2014acabats, encimera i il\u00b7luminaci\u00f3\u2014 estigui pensat per oferir una experi\u00e8ncia pr\u00e0ctica, duradora i d&#8217;acord amb l&#8217;estil del vostre establiment.<\/span><\/p>\n<\/div><\/div><\/div><div class=\"fusion-panel panel-default fusion-faq-post fusion-faq-post-3342 estances-cuines \"><span class=\"entry-title rich-snippet-hidden\">Quins electrodom\u00e8stics s\u00f3n imprescindibles en una cuina per a hotels o apartaments tur\u00edstics?<\/span><span class=\"vcard rich-snippet-hidden\"><span class=\"fn\"><a href=\"https:\/\/ciho.es\/ca\/author\/admin\/\" title=\"Posts by admin\" rel=\"author\">admin<\/a><\/span><\/span><span class=\"updated rich-snippet-hidden\">2026-01-12T12:04:48+01:00<\/span><div class=\"panel-heading\"><h4 id=\"faq_1-3342\" class=\"panel-title toggle\"><a data-toggle=\"collapse\" class=\"collapsed\" data-parent=\"#accordian-1\" data-target=\"#collapse-1-3342\" href=\"#collapse-1-3342\" aria-expanded=\"false\"><div class=\"fusion-toggle-icon-wrapper\"><div class=\"fusion-toggle-icon-wrapper-main\"><div class=\"fusion-toggle-icon-wrapper-sub\"><i class=\"fa-fusion-box active-icon awb-icon-minus\" aria-hidden=\"true\"><\/i><i class=\"fa-fusion-box inactive-icon awb-icon-plus\" aria-hidden=\"true\"><\/i><\/div><\/div><\/div><div class=\"fusion-toggle-heading\">Quins electrodom\u00e8stics s\u00f3n imprescindibles en una cuina per a hotels o apartaments tur\u00edstics?<\/div><\/a><\/h4><\/div><div id=\"collapse-1-3342\" aria-labelledby=\"faq_1-3342\" class=\"panel-collapse collapse\"><div class=\"panel-body toggle-content post-content\"><p><span style=\"font-weight: 400;\">Els electrodom\u00e8stics s\u00f3n una part clau de l&#8217;experi\u00e8ncia de l&#8217;hoste quan la cuina forma part de l&#8217;allotjament. Els imprescindibles solen ser el frigor\u00edfic, la placa de cocci\u00f3 i el microones o el forn, encara que aquesta combinaci\u00f3 pot variar segons el tipus d&#8217;establiment.<\/span><\/p>\n<p><span style=\"font-weight: 400;\">En apartaments tur\u00edstics, \u00e9s habitual incloure tamb\u00e9 rentaplats, especialment en allotjaments pensats per a estades mitjanes o llargues. Tots els electrodom\u00e8stics han de ser eficients energ\u00e8ticament, silenciosos i f\u00e0cils de fer servir, ja que estaran en mans d&#8217;usuaris molt diferents.<\/span><\/p>\n<p><span style=\"font-weight: 400;\">Des de CIHO subministrem electrodom\u00e8stics espec\u00edficament pensats per a entorns professionals i tur\u00edstics, que combinen efici\u00e8ncia, durabilitat i disseny, ajudant-lo a oferir una cuina pr\u00e0ctica i alineada amb les expectatives de l&#8217;hoste actual.<\/span><\/p>\n<\/div><\/div><\/div><div class=\"fusion-panel panel-default fusion-faq-post fusion-faq-post-3343 estances-cuines \"><span class=\"entry-title rich-snippet-hidden\">Quin tipus de mobiliari \u00e9s el m\u00e9s adequat per a cuines d&#8217;\u00fas tur\u00edstic o hoteler?<\/span><span class=\"vcard rich-snippet-hidden\"><span class=\"fn\"><a href=\"https:\/\/ciho.es\/ca\/author\/admin\/\" title=\"Posts by admin\" rel=\"author\">admin<\/a><\/span><\/span><span class=\"updated rich-snippet-hidden\">2026-01-12T12:04:36+01:00<\/span><div class=\"panel-heading\"><h4 id=\"faq_1-3343\" class=\"panel-title toggle\"><a data-toggle=\"collapse\" class=\"collapsed\" data-parent=\"#accordian-1\" data-target=\"#collapse-1-3343\" href=\"#collapse-1-3343\" aria-expanded=\"false\"><div class=\"fusion-toggle-icon-wrapper\"><div class=\"fusion-toggle-icon-wrapper-main\"><div class=\"fusion-toggle-icon-wrapper-sub\"><i class=\"fa-fusion-box active-icon awb-icon-minus\" aria-hidden=\"true\"><\/i><i class=\"fa-fusion-box inactive-icon awb-icon-plus\" aria-hidden=\"true\"><\/i><\/div><\/div><\/div><div class=\"fusion-toggle-heading\">Quin tipus de mobiliari \u00e9s el m\u00e9s adequat per a cuines d&#8217;\u00fas tur\u00edstic o hoteler?<\/div><\/a><\/h4><\/div><div id=\"collapse-1-3343\" aria-labelledby=\"faq_1-3343\" class=\"panel-collapse collapse\"><div class=\"panel-body toggle-content post-content\"><p><span style=\"font-weight: 400;\">El mobiliari de cuina destinat a allotjaments tur\u00edstics ha de complir tres requisits fonamentals: resist\u00e8ncia, funcionalitat i facilitat de manteniment. No es tracta \u00fanicament que la cuina sigui bonica, sin\u00f3 que suporti un \u00fas intensiu i continuat per part de diferents hostes.<\/span><\/p>\n<p><span style=\"font-weight: 400;\">El m\u00e9s habitual \u00e9s optar per mobles de cuina fabricats amb materials d&#8217;alta qualitat, amb acabats resistents a la humitat, la calor i els cops. Els interiors han d&#8217;estar ben distribu\u00efts per facilitar-ne l&#8217;emmagatzematge i l&#8217;ordre, amb calaixos extraibles, m\u00f2duls raconers o sistemes d&#8217;organitzaci\u00f3 interior.<\/span><\/p>\n<p><span style=\"font-weight: 400;\">A CIHO oferim mobiliari de cuina modular, que permet adaptar-se a qualsevol espai i necessitat. A m\u00e9s, podeu triar entre una \u00e0mplia varietat d&#8217;estils, des de cuines modernes i minimalistes fins a opcions m\u00e9s c\u00e0lides o tradicionals, sempre mantenint un est\u00e0ndard professional.<\/span><\/p>\n<\/div><\/div><\/div><div class=\"fusion-panel panel-default fusion-faq-post fusion-faq-post-3344 estances-cuines \"><span class=\"entry-title rich-snippet-hidden\">Quins s\u00f3n els elements essencials per equipar una cuina com cal?<\/span><span class=\"vcard rich-snippet-hidden\"><span class=\"fn\"><a href=\"https:\/\/ciho.es\/ca\/author\/admin\/\" title=\"Posts by admin\" rel=\"author\">admin<\/a><\/span><\/span><span class=\"updated rich-snippet-hidden\">2026-01-12T12:04:24+01:00<\/span><div class=\"panel-heading\"><h4 id=\"faq_1-3344\" class=\"panel-title toggle\"><a data-toggle=\"collapse\" class=\"collapsed\" data-parent=\"#accordian-1\" data-target=\"#collapse-1-3344\" href=\"#collapse-1-3344\" aria-expanded=\"false\"><div class=\"fusion-toggle-icon-wrapper\"><div class=\"fusion-toggle-icon-wrapper-main\"><div class=\"fusion-toggle-icon-wrapper-sub\"><i class=\"fa-fusion-box active-icon awb-icon-minus\" aria-hidden=\"true\"><\/i><i class=\"fa-fusion-box inactive-icon awb-icon-plus\" aria-hidden=\"true\"><\/i><\/div><\/div><\/div><div class=\"fusion-toggle-heading\">Quins s\u00f3n els elements essencials per equipar una cuina com cal?<\/div><\/a><\/h4><\/div><div id=\"collapse-1-3344\" aria-labelledby=\"faq_1-3344\" class=\"panel-collapse collapse\"><div class=\"panel-body toggle-content post-content\"><p><span style=\"font-weight: 400;\">A l&#8217;hora d&#8217;equipar una cuina per a hotels, apartaments tur\u00edstics o complexos de vacances, hi ha m\u00faltiples configuracions possibles, per\u00f2 hi ha una s\u00e8rie d&#8217;elements que s\u00f3n imprescindibles. A qualsevol cuina funcional no hi poden faltar els m\u00f2duls d&#8217;emmagatzematge, el taulell, la pica i els electrodom\u00e8stics b\u00e0sics.<\/span><\/p>\n<p><span style=\"font-weight: 400;\">En funci\u00f3 del tipus d&#8217;allotjament, la cuina pot ser m\u00e9s o menys completa, per\u00f2 sempre ha de permetre un \u00fas c\u00f2mode i segur. En cuines pensades per a apartaments tur\u00edstics, el m\u00e9s habitual \u00e9s incloure placa de cocci\u00f3, forn o microones, frigor\u00edfic i campana extractora. En altres casos, com estudis o cuines auxiliars, es pot optar per solucions m\u00e9s compactes.<\/span><\/p>\n<p><span style=\"font-weight: 400;\">A partir d\u2019aquests elements b\u00e0sics, les possibilitats s\u00f3n pr\u00e0cticament infinites. Cuines lineals, en L, U o amb illa, m\u00f2duls alts o baixos, sistemes d&#8217;obertura tradicionals o amb ungles, taulells de diferents materials i acabats\u2026 Tot aix\u00f2 permet adaptar la cuina a l&#8217;espai disponible ia l&#8217;estil de l&#8217;allotjament.<\/span><\/p>\n<p><span style=\"font-weight: 400;\">A CIHO podeu trobar totes les solucions necess\u00e0ries per equipar cuines funcionals, resistents i est\u00e8ticament atractives, adaptades tant a projectes petits com a grans complexos tur\u00edstics.<\/span><\/p>\n<\/div><\/div><\/div><\/div><\/div><\/div><\/div><\/div><\/div><\/div><\/div><\/p>\n","protected":false},"excerpt":{"rendered":"","protected":false},"author":1,"featured_media":0,"parent":1092,"menu_order":0,"comment_status":"closed","ping_status":"closed","template":"100-width.php","meta":{"footnotes":""},"class_list":["post-1019","page","type-page","status-publish","hentry"],"_links":{"self":[{"href":"https:\/\/ciho.es\/ca\/wp-json\/wp\/v2\/pages\/1019","targetHints":{"allow":["GET"]}}],"collection":[{"href":"https:\/\/ciho.es\/ca\/wp-json\/wp\/v2\/pages"}],"about":[{"href":"https:\/\/ciho.es\/ca\/wp-json\/wp\/v2\/types\/page"}],"author":[{"embeddable":true,"href":"https:\/\/ciho.es\/ca\/wp-json\/wp\/v2\/users\/1"}],"replies":[{"embeddable":true,"href":"https:\/\/ciho.es\/ca\/wp-json\/wp\/v2\/comments?post=1019"}],"version-history":[{"count":10,"href":"https:\/\/ciho.es\/ca\/wp-json\/wp\/v2\/pages\/1019\/revisions"}],"predecessor-version":[{"id":3355,"href":"https:\/\/ciho.es\/ca\/wp-json\/wp\/v2\/pages\/1019\/revisions\/3355"}],"up":[{"embeddable":true,"href":"https:\/\/ciho.es\/ca\/wp-json\/wp\/v2\/pages\/1092"}],"wp:attachment":[{"href":"https:\/\/ciho.es\/ca\/wp-json\/wp\/v2\/media?parent=1019"}],"curies":[{"name":"wp","href":"https:\/\/api.w.org\/{rel}","templated":true}]}}